{"id":109,"date":"2012-08-15T07:53:09","date_gmt":"2012-08-15T07:53:09","guid":{"rendered":"http:\/\/Sie%20k\u00f6nnen%20sich%20auf%20unserer%20Homepage%20\u00fcber%20unseren%20Verein%20informieren%20und%20auch%20andere%20zum%20Beispiel%20\u00fcber%20facebook%20auf%20uns%20aufmerksam%20machen.%20Wenn%20Sie%20noch%20me"},"modified":"2022-01-01T16:15:17","modified_gmt":"2022-01-01T15:15:17","slug":"ihre-spenden","status":"publish","type":"page","link":"https:\/\/www.sprunginsleben.de\/?page_id=109&lang=de","title":{"rendered":"Ihr Engangement"},"content":{"rendered":"<p>Sie k\u00f6nnen sich auf unserer Homepage \u00fcber unseren Verein informieren und auch andere zum Beispiel <a href=\"http:\/\/www.facebook.com\/pages\/Sprung-ins-Leben-Salto-hacia-la-vida-eV\/147850371936314\">\u00fcber facebook<\/a> auf uns aufmerksam machen. Wenn Sie noch mehr tun wollen, freuen wir uns \u00fcber Hilfe jeder Art: Sie k\u00f6nnen sich durch Ideen, Tatkraft und Engagement bei uns einbringen, gerne aktives oder passives <a href=\"https:\/\/www.sprunginsleben.de\/wp-content\/uploads\/2022\/01\/Beitrittserklaerung_de.pdf\">Mitglied<\/a> werden, eine Patenschaft \u00fcbernehmen oder einfach spenden.<\/p>\n<p>Wir freuen uns \u00fcber jede Spende und stellen Ihnen gerne eine Spendenbescheinigung aus. Bis zu einem Betrag von 200 Euro gilt auch schon der Kontoauszug. Falls Sie eine Spendenbescheinigung w\u00fcnschen, vermerken Sie bitte bei Ihrer \u00dcberweisung die Adresse oder senden Sie uns eine Nachricht mit Adressangabe \u00fcber das <a href=\"https:\/\/www.sprunginsleben.de\/?page_id=986&amp;lang=de\">Kontaktformular<\/a>.<\/p>\n<p><strong>Bankverbindung f\u00fcr \u00dcberweisungen:<\/strong><\/p>\n<p>Sparkasse Karlsruhe Ettlingen<\/p>\n<p>Kontoinhaber: Sprung ins Leben \u2013 Salto hacia la vida e.V.<\/p>\n<p>BIC: KARSDE66XXX<br \/>\nIBAN: DE29 6605 0101 0001 3695 78<\/p>\n<p>Alternativ k\u00f6nnen Sie uns auch \u00fcber den PayPal-Button auf der Homepage direkt eine Spende zukommen lassen.<\/p>\n<p>Wir sind darum bem\u00fcht, Sie \u00fcber den Verbleib Ihrer Unterst\u00fctzung umfassend zu informieren. Die neuesten Fortschritte unserer Sch\u00fctzlinge wie auch Voraus- und R\u00fcckblick \u00fcber unsere Aktionen k\u00f6nnen Sie auf unserer Homepage lesen. Detaillierte Informationen (insbesondere \u00fcber unsere finanzielle Situation) liefert au\u00dferdem unser j\u00e4hrlicher Gesch\u00e4ftsbericht, den Sie unter der Rubrik <a href=\"https:\/\/www.sprunginsleben.de\/?page_id=183&amp;lang=de\">Downloads<\/a> einsehen k\u00f6nnen.<\/p>\n","protected":false},"excerpt":{"rendered":"<p>Sie k\u00f6nnen sich auf unserer Homepage \u00fcber unseren Verein informieren und auch andere zum Beispiel \u00fcber facebook auf uns aufmerksam machen. Wenn Sie noch mehr tun wollen, freuen wir uns \u00fcber Hilfe jeder Art: Sie k\u00f6nnen sich durch Ideen, Tatkraft und Engagement bei uns einbringen, gerne aktives oder passives Mitglied werden, eine Patenschaft \u00fcbernehmen oder [&hellip;]<\/p>\n","protected":false},"author":1,"featured_media":0,"parent":0,"menu_order":4,"comment_status":"closed","ping_status":"open","template":"","meta":{"_uag_custom_page_level_css":""},"uagb_featured_image_src":{"full":false,"thumbnail":false,"medium":false,"medium_large":false,"large":false,"1536x1536":false,"2048x2048":false,"charity-fundraiser-homepage-thumb":false},"uagb_author_info":{"display_name":"bartberger","author_link":"https:\/\/www.sprunginsleben.de\/?author=1"},"uagb_comment_info":0,"uagb_excerpt":"Sie k\u00f6nnen sich auf unserer Homepage \u00fcber unseren Verein informieren und auch andere zum Beispiel \u00fcber facebook auf uns aufmerksam machen. Wenn Sie noch mehr tun wollen, freuen wir uns \u00fcber Hilfe jeder Art: Sie k\u00f6nnen sich durch Ideen, Tatkraft und Engagement bei uns einbringen, gerne aktives oder passives Mitglied werden, eine Patenschaft \u00fcbernehmen oder&hellip;","_links":{"self":[{"href":"https:\/\/www.sprunginsleben.de\/index.php?rest_route=\/wp\/v2\/pages\/109"}],"collection":[{"href":"https:\/\/www.sprunginsleben.de\/index.php?rest_route=\/wp\/v2\/pages"}],"about":[{"href":"https:\/\/www.sprunginsleben.de\/index.php?rest_route=\/wp\/v2\/types\/page"}],"author":[{"embeddable":true,"href":"https:\/\/www.sprunginsleben.de\/index.php?rest_route=\/wp\/v2\/users\/1"}],"replies":[{"embeddable":true,"href":"https:\/\/www.sprunginsleben.de\/index.php?rest_route=%2Fwp%2Fv2%2Fcomments&post=109"}],"version-history":[{"count":0,"href":"https:\/\/www.sprunginsleben.de\/index.php?rest_route=\/wp\/v2\/pages\/109\/revisions"}],"wp:attachment":[{"href":"https:\/\/www.sprunginsleben.de\/index.php?rest_route=%2Fwp%2Fv2%2Fmedia&parent=109"}],"curies":[{"name":"wp","href":"https:\/\/api.w.org\/{rel}","templated":true}]}}