{"id":183,"date":"2012-08-15T10:01:10","date_gmt":"2012-08-15T10:01:10","guid":{"rendered":""},"modified":"2025-06-25T05:35:06","modified_gmt":"2025-06-25T03:35:06","slug":"downloads","status":"publish","type":"page","link":"https:\/\/www.sprunginsleben.de\/?page_id=183&lang=de","title":{"rendered":"Downloads"},"content":{"rendered":"<ul>\n<li style=\"text-align: left;\"><a class=\"wf_file\" href=\"https:\/\/www.sprunginsleben.de\/wp-content\/uploads\/2012\/08\/images_downloads_Satzung_des_Vereins-2013.pdf\" target=\"_blank\" rel=\"noopener\"><span class=\"wf_file_text\">Satzung<\/span><\/a><\/li>\n<li><a class=\"wf_file\" href=\"https:\/\/www.sprunginsleben.de\/wp-content\/uploads\/2022\/01\/sprung_ins_leben_flyer_2021_web.pdf\" target=\"_blank\" rel=\"noopener\"><span class=\"wf_file_text\">Flyer<\/span><\/a><\/li>\n<li><a class=\"wf_file\" href=\"https:\/\/www.sprunginsleben.de\/wp-content\/uploads\/2022\/01\/Beitrittserklaerung_de.pdf\" target=\"_blank\" rel=\"noopener\"><span class=\"wf_file_text\">Beitrittserkl\u00e4rung<\/span><\/a><\/li>\n<li><a href=\"https:\/\/www.sprunginsleben.de\/wp-content\/uploads\/2019\/07\/190610_Sprung_ins_Leben_Booklet_3.0.pdf\" target=\"_blank\" rel=\"noopener\">Heft zum zehnj\u00e4hrigen Jubil\u00e4um<\/a><\/li>\n<li><a href=\"https:\/\/www.sprunginsleben.de\/wp-content\/uploads\/2025\/06\/SIL_Geschaeftsbericht_2024.pdf\" data-wplink-edit=\"true\">Gesch\u00e4ftsbericht 2024<\/a><\/li>\n<li><a href=\"https:\/\/www.sprunginsleben.de\/wp-content\/uploads\/2025\/02\/Protokoll-der-Mitgliederversammlung-2024.pdf\" target=\"_blank\" rel=\"noopener\">Protokoll der Mitgliederversammlung 2024<\/a><\/li>\n<li><a href=\"https:\/\/www.sprunginsleben.de\/wp-content\/uploads\/2024\/11\/SIL_Geschaftsbericht_2023_online.pdf\">Gesch\u00e4ftsbericht 2023<\/a><\/li>\n<li><a href=\"https:\/\/www.sprunginsleben.de\/wp-content\/uploads\/2024\/11\/Protokoll-Generalversammlung-2023_DEF.pdf\">Protokoll der Mitgliederversammlung 2023<\/a><\/li>\n<li><a href=\"https:\/\/www.sprunginsleben.de\/wp-content\/uploads\/2023\/04\/SIL_Geschaftsbericht_2022_Webversion.pdf\">Gesch\u00e4ftsbericht 2022<\/a><\/li>\n<li><a href=\"https:\/\/www.sprunginsleben.de\/wp-content\/uploads\/2022\/12\/Protokoll-MV-2022_final-mit-Unterschrift-und-Addendum.pdf\" target=\"_blank\" rel=\"noopener\">Protokoll der Mitgliederversammlung 2022<\/a><\/li>\n<li><a href=\"https:\/\/www.sprunginsleben.de\/wp-content\/uploads\/2022\/07\/Sprung-ins-Leben-2021-webversion.pdf\">Gesch\u00e4ftsbericht 2021<\/a><\/li>\n<li><a href=\"https:\/\/www.sprunginsleben.de\/wp-content\/uploads\/2021\/05\/Protokoll_SiL_MV_18.04.2021_DEF.pdf\" target=\"_blank\" rel=\"noopener\">Protokoll der Mitgliederversammlung 2021<\/a><\/li>\n<li><a href=\"https:\/\/www.sprunginsleben.de\/wp-content\/uploads\/2020\/12\/201213_SiL_Protokoll-der-ausserordentlichen-Mitgliederversammlung.pdf\" target=\"_blank\" rel=\"noopener\">Protokoll der au\u00dferordentlichen Mitgliederversammlung 2020<\/a><\/li>\n<li><a href=\"https:\/\/www.sprunginsleben.de\/wp-content\/uploads\/2020\/12\/Fundacion-Hermano-Miguel_Bolet\u00edn-1-Emerger-2.pdf\" target=\"_blank\" rel=\"noopener\">Mitteilungsblatt Stiftung Hermano Miguel November 2020<\/a> (auf Spanisch)<\/li>\n<li><a href=\"https:\/\/www.sprunginsleben.de\/wp-content\/uploads\/2021\/04\/Sprung-ins-Leben-2020_web.pdf\">Gesch\u00e4ftsbericht 2020<\/a><\/li>\n<li><a href=\"https:\/\/www.sprunginsleben.de\/wp-content\/uploads\/2020\/08\/Protokoll-MV-2020_DEF.pdf\">Protokoll\u00a0der Mitgliederversammlung 2020<\/a><\/li>\n<li><a href=\"https:\/\/www.sprunginsleben.de\/wp-content\/uploads\/2020\/06\/Sprung-ins-Leben-Gesch\u00e4ftsbericht-2019.pdf\">Gesch\u00e4ftsbericht 2019<\/a><\/li>\n<li><a href=\"https:\/\/www.sprunginsleben.de\/wp-content\/uploads\/2019\/08\/190623_SiL_Protokoll-der-Mitgliederversammlung-2019-DEF.pdf\">Protokoll der Mitgliederversammlung 2019<\/a><\/li>\n<li><a class=\"wf_file\" href=\"https:\/\/www.sprunginsleben.de\/wp-content\/uploads\/2019\/05\/SiL_Geschaeftsbericht_2018.pdf\" target=\"_blank\" rel=\"noopener\">Gesch\u00e4ftsbericht 2018<\/a><\/li>\n<li><a href=\"https:\/\/www.sprunginsleben.de\/wp-content\/uploads\/2018\/12\/Protokoll-GV-2018_DEF.pdf\" target=\"_blank\" rel=\"noopener\">Protokoll der Mitgliederversammlung 2018<\/a><\/li>\n<li><a href=\"https:\/\/www.sprunginsleben.de\/wp-content\/uploads\/2018\/07\/Geschaeftsbericht_2017.pdf\" target=\"_blank\" rel=\"noopener\">Gesch\u00e4ftsbericht 2017<\/a><\/li>\n<li><a href=\"https:\/\/www.sprunginsleben.de\/wp-content\/uploads\/2012\/08\/Protokoll-GV-2017-DEF.pdf\" target=\"_blank\" rel=\"noopener\">Protokoll der Mitgliederversammlung 2017<\/a><\/li>\n<li><a href=\"https:\/\/www.sprunginsleben.de\/wp-content\/uploads\/2017\/04\/SiL_Gescha%CC%88ftsbericht-2016-DEF.pdf\" target=\"_blank\" rel=\"noopener\">Gesch\u00e4ftsbericht 2016<\/a><\/li>\n<li><a href=\"https:\/\/www.sprunginsleben.de\/wp-content\/uploads\/Protokoll-GV-2016.pdf\" target=\"_blank\" rel=\"noopener\">Protokoll der Mitgliederversammlung 2016<\/a><\/li>\n<li><a href=\"https:\/\/www.sprunginsleben.de\/wp-content\/uploads\/Geschaeftsbericht_2015.pdf\" target=\"_blank\" rel=\"noopener\">Gesch\u00e4ftsbericht 2015<\/a><\/li>\n<li><a href=\"https:\/\/www.sprunginsleben.de\/wp-content\/uploads\/Protokoll-GV-2015-DEF.pdf\" target=\"_blank\" rel=\"noopener\">Protokoll der Mitgliederversammlung 2015<\/a><\/li>\n<\/ul>\n","protected":false},"excerpt":{"rendered":"<p>Satzung Flyer Beitrittserkl\u00e4rung Heft zum zehnj\u00e4hrigen Jubil\u00e4um Gesch\u00e4ftsbericht 2024 Protokoll der Mitgliederversammlung 2024 Gesch\u00e4ftsbericht 2023 Protokoll der Mitgliederversammlung 2023 Gesch\u00e4ftsbericht 2022 Protokoll der Mitgliederversammlung 2022 Gesch\u00e4ftsbericht 2021 Protokoll der Mitgliederversammlung 2021 Protokoll der au\u00dferordentlichen Mitgliederversammlung 2020 Mitteilungsblatt Stiftung Hermano Miguel November 2020 (auf Spanisch) Gesch\u00e4ftsbericht 2020 Protokoll\u00a0der Mitgliederversammlung 2020 Gesch\u00e4ftsbericht 2019 Protokoll der Mitgliederversammlung 2019 [&hellip;]<\/p>\n","protected":false},"author":1,"featured_media":2065,"parent":0,"menu_order":3,"comment_status":"closed","ping_status":"closed","template":"","meta":{"_uag_custom_page_level_css":""},"uagb_featured_image_src":{"full":["https:\/\/www.sprunginsleben.de\/wp-content\/uploads\/2021\/04\/US_20180319_302-copy-scaled-e1617552488949.jpg",2316,567,false],"thumbnail":["https:\/\/www.sprunginsleben.de\/wp-content\/uploads\/2021\/04\/US_20180319_302-copy-scaled-e1617552488949-150x150.jpg",150,150,true],"medium":["https:\/\/www.sprunginsleben.de\/wp-content\/uploads\/2021\/04\/US_20180319_302-copy-scaled-e1617552488949-300x73.jpg",300,73,true],"medium_large":["https:\/\/www.sprunginsleben.de\/wp-content\/uploads\/2021\/04\/US_20180319_302-copy-scaled-e1617552488949.jpg",2316,567,false],"large":["https:\/\/www.sprunginsleben.de\/wp-content\/uploads\/2021\/04\/US_20180319_302-copy-scaled-e1617552488949-1024x251.jpg",640,157,true],"1536x1536":["https:\/\/www.sprunginsleben.de\/wp-content\/uploads\/2021\/04\/US_20180319_302-copy-scaled-e1617552488949-1536x376.jpg",1536,376,true],"2048x2048":["https:\/\/www.sprunginsleben.de\/wp-content\/uploads\/2021\/04\/US_20180319_302-copy-scaled-e1617552488949-2048x501.jpg",2048,501,true],"charity-fundraiser-homepage-thumb":["https:\/\/www.sprunginsleben.de\/wp-content\/uploads\/2021\/04\/US_20180319_302-copy-scaled-e1617552488949-240x145.jpg",240,145,true]},"uagb_author_info":{"display_name":"bartberger","author_link":"https:\/\/www.sprunginsleben.de\/?author=1"},"uagb_comment_info":0,"uagb_excerpt":"Satzung Flyer Beitrittserkl\u00e4rung Heft zum zehnj\u00e4hrigen Jubil\u00e4um Gesch\u00e4ftsbericht 2024 Protokoll der Mitgliederversammlung 2024 Gesch\u00e4ftsbericht 2023 Protokoll der Mitgliederversammlung 2023 Gesch\u00e4ftsbericht 2022 Protokoll der Mitgliederversammlung 2022 Gesch\u00e4ftsbericht 2021 Protokoll der Mitgliederversammlung 2021 Protokoll der au\u00dferordentlichen Mitgliederversammlung 2020 Mitteilungsblatt Stiftung Hermano Miguel November 2020 (auf Spanisch) Gesch\u00e4ftsbericht 2020 Protokoll\u00a0der Mitgliederversammlung 2020 Gesch\u00e4ftsbericht 2019 Protokoll der Mitgliederversammlung 2019&hellip;","_links":{"self":[{"href":"https:\/\/www.sprunginsleben.de\/index.php?rest_route=\/wp\/v2\/pages\/183"}],"collection":[{"href":"https:\/\/www.sprunginsleben.de\/index.php?rest_route=\/wp\/v2\/pages"}],"about":[{"href":"https:\/\/www.sprunginsleben.de\/index.php?rest_route=\/wp\/v2\/types\/page"}],"author":[{"embeddable":true,"href":"https:\/\/www.sprunginsleben.de\/index.php?rest_route=\/wp\/v2\/users\/1"}],"replies":[{"embeddable":true,"href":"https:\/\/www.sprunginsleben.de\/index.php?rest_route=%2Fwp%2Fv2%2Fcomments&post=183"}],"version-history":[{"count":0,"href":"https:\/\/www.sprunginsleben.de\/index.php?rest_route=\/wp\/v2\/pages\/183\/revisions"}],"wp:featuredmedia":[{"embeddable":true,"href":"https:\/\/www.sprunginsleben.de\/index.php?rest_route=\/wp\/v2\/media\/2065"}],"wp:attachment":[{"href":"https:\/\/www.sprunginsleben.de\/index.php?rest_route=%2Fwp%2Fv2%2Fmedia&parent=183"}],"curies":[{"name":"wp","href":"https:\/\/api.w.org\/{rel}","templated":true}]}}