{"id":184,"date":"2012-08-15T10:05:00","date_gmt":"2012-08-15T10:05:00","guid":{"rendered":""},"modified":"2022-01-01T16:11:54","modified_gmt":"2022-01-01T15:11:54","slug":"impressum","status":"publish","type":"page","link":"https:\/\/www.sprunginsleben.de\/?page_id=184&lang=de","title":{"rendered":"Impressum"},"content":{"rendered":"<h3>Adresse:<\/h3>\n<p>Sprung ins Leben &#8211; Salto hacia la vida e.V.<br \/>\nc\/o Philippa Mund<br \/>\nWaldstr. 6<br \/>\n76307 Karlsbad<br \/>\nE-Mail: <a href=\"mailto:info@sprunginsleben.de\"><span style=\"text-decoration: underline;\">info@sprunginsleben.de<\/span><\/a><\/p>\n<h3>Vertretungsberechtigter Vorstand:<\/h3>\n<p>Philippa Mund\u00a0(Vorsitzende)<br \/>\nIsabel Kleitsch (stellv. Vorsitzende)<br \/>\nMarkku Mund (Kassenwart)<br \/>\nSophia Fisher (Schriftf\u00fchrerin)<\/p>\n<p>Registergericht: Amtsgericht Ettlingen<br \/>\nRegisternummer: VR 894<\/p>\n<p>Der Verein <em>Sprung ins Leben \u2013 Salto hacia la vida e.V<\/em>. ist durch Bescheid des Finanzamtes Ettlingen wegen der Finanzierung von Prothesen, Orthesen und Operationen, sowie von rehabilitativen Ma\u00dfnahmen f\u00fcr Kinder in Ecuador, die mit unseren Vertrauenspersonen in Kontakt sind, als gemeinn\u00fctzige K\u00f6rperschaft im Sinne der Abgabenordnung \u00a7 51ff. anerkannt und berechtigt, Spendenbescheinigungen auszustellen.<\/p>\n<h3>Bankverbindung:<\/h3>\n<p>Sparkasse Karlsruhe Ettlingen<span style=\"border-collapse: collapse; font-family: arial,sans-serif; font-size: 13px;\"><br \/>\nBIC: KARSDE66XXX<\/span><br \/>\n<span style=\"border-collapse: collapse; font-family: arial,sans-serif; font-size: 13px;\"><span class=\"il\">IBAN: DE29 6605 0101 0001 3695 78<\/span><\/span><\/p>\n<h3>Website &amp; Inhalte:<\/h3>\n<p>Verantwortlich f\u00fcr die Inhalte sind die oben genannten Vorstandsmitglieder.<\/p>\n<p>Website-Administration: Angus Fisher<\/p>\n<p>Logo-Design: <a href=\"https:\/\/www.instagram.com\/a.d.render\/\">Adrian Renner<\/a>,\u00a0Lindemannweg 4a,\u00a075179 Pforzheim<\/p>\n<p>Fotos: \u00a9Ulrike Schacht, einige Bilder von privat<\/p>\n<p>Betreuung der Internetpr\u00e4senz und Aktualisierung der Inhalte: Isabel Kleitsch, Marc Danneberg &amp; Dr. Axel Bayer<\/p>\n<p>Aktualisierung des Facebook Profils: Kolja Mund und Svenja Dietz<\/p>\n<p>Der Verein dankt allen, die die Arbeit auf diese Weise unterst\u00fctzt haben und dadurch einen wichtigen Teil zur \u00d6ffentlichkeitsarbeit beitragen!<\/p>\n","protected":false},"excerpt":{"rendered":"<p>Adresse: Sprung ins Leben &#8211; Salto hacia la vida e.V. c\/o Philippa Mund Waldstr. 6 76307 Karlsbad E-Mail: info@sprunginsleben.de Vertretungsberechtigter Vorstand: Philippa Mund\u00a0(Vorsitzende) Isabel Kleitsch (stellv. Vorsitzende) Markku Mund (Kassenwart) Sophia Fisher (Schriftf\u00fchrerin) Registergericht: Amtsgericht Ettlingen Registernummer: VR 894 Der Verein Sprung ins Leben \u2013 Salto hacia la vida e.V. ist durch Bescheid des Finanzamtes [&hellip;]<\/p>\n","protected":false},"author":1,"featured_media":2072,"parent":0,"menu_order":1,"comment_status":"closed","ping_status":"closed","template":"","meta":{"_uag_custom_page_level_css":""},"uagb_featured_image_src":{"full":["https:\/\/www.sprunginsleben.de\/wp-content\/uploads\/2021\/04\/US_20180319_227-copy-scaled-e1617553574628.jpg",2560,531,false],"thumbnail":["https:\/\/www.sprunginsleben.de\/wp-content\/uploads\/2021\/04\/US_20180319_227-copy-scaled-e1617553574628-150x150.jpg",150,150,true],"medium":["https:\/\/www.sprunginsleben.de\/wp-content\/uploads\/2021\/04\/US_20180319_227-copy-scaled-e1617553574628-300x62.jpg",300,62,true],"medium_large":["https:\/\/www.sprunginsleben.de\/wp-content\/uploads\/2021\/04\/US_20180319_227-copy-scaled-e1617553574628.jpg",2560,531,false],"large":["https:\/\/www.sprunginsleben.de\/wp-content\/uploads\/2021\/04\/US_20180319_227-copy-scaled-e1617553574628-1024x212.jpg",640,133,true],"1536x1536":["https:\/\/www.sprunginsleben.de\/wp-content\/uploads\/2021\/04\/US_20180319_227-copy-scaled-e1617553574628-1536x319.jpg",1536,319,true],"2048x2048":["https:\/\/www.sprunginsleben.de\/wp-content\/uploads\/2021\/04\/US_20180319_227-copy-scaled-e1617553574628-2048x425.jpg",2048,425,true],"charity-fundraiser-homepage-thumb":["https:\/\/www.sprunginsleben.de\/wp-content\/uploads\/2021\/04\/US_20180319_227-copy-scaled-e1617553574628-240x145.jpg",240,145,true]},"uagb_author_info":{"display_name":"bartberger","author_link":"https:\/\/www.sprunginsleben.de\/?author=1"},"uagb_comment_info":0,"uagb_excerpt":"Adresse: Sprung ins Leben &#8211; Salto hacia la vida e.V. c\/o Philippa Mund Waldstr. 6 76307 Karlsbad E-Mail: info@sprunginsleben.de Vertretungsberechtigter Vorstand: Philippa Mund\u00a0(Vorsitzende) Isabel Kleitsch (stellv. Vorsitzende) Markku Mund (Kassenwart) Sophia Fisher (Schriftf\u00fchrerin) Registergericht: Amtsgericht Ettlingen Registernummer: VR 894 Der Verein Sprung ins Leben \u2013 Salto hacia la vida e.V. ist durch Bescheid des Finanzamtes&hellip;","_links":{"self":[{"href":"https:\/\/www.sprunginsleben.de\/index.php?rest_route=\/wp\/v2\/pages\/184"}],"collection":[{"href":"https:\/\/www.sprunginsleben.de\/index.php?rest_route=\/wp\/v2\/pages"}],"about":[{"href":"https:\/\/www.sprunginsleben.de\/index.php?rest_route=\/wp\/v2\/types\/page"}],"author":[{"embeddable":true,"href":"https:\/\/www.sprunginsleben.de\/index.php?rest_route=\/wp\/v2\/users\/1"}],"replies":[{"embeddable":true,"href":"https:\/\/www.sprunginsleben.de\/index.php?rest_route=%2Fwp%2Fv2%2Fcomments&post=184"}],"version-history":[{"count":0,"href":"https:\/\/www.sprunginsleben.de\/index.php?rest_route=\/wp\/v2\/pages\/184\/revisions"}],"wp:featuredmedia":[{"embeddable":true,"href":"https:\/\/www.sprunginsleben.de\/index.php?rest_route=\/wp\/v2\/media\/2072"}],"wp:attachment":[{"href":"https:\/\/www.sprunginsleben.de\/index.php?rest_route=%2Fwp%2Fv2%2Fmedia&parent=184"}],"curies":[{"name":"wp","href":"https:\/\/api.w.org\/{rel}","templated":true}]}}