{"id":1901,"date":"2021-02-06T18:28:24","date_gmt":"2021-02-06T17:28:24","guid":{"rendered":"http:\/\/www.sprunginsleben.de\/?page_id=1901"},"modified":"2022-04-11T09:55:50","modified_gmt":"2022-04-11T07:55:50","slug":"spenden","status":"publish","type":"page","link":"https:\/\/www.sprunginsleben.de\/?page_id=1901&lang=de","title":{"rendered":"Spenden"},"content":{"rendered":"\n<div class=\"is-layout-flex wp-container-5 wp-block-columns\">\n<div class=\"is-layout-flow wp-block-column\" style=\"flex-basis:100%\">\n<div class=\"is-layout-flow wp-block-group\"><div class=\"wp-block-group__inner-container\">\n<div class=\"is-layout-flex wp-container-2 wp-block-columns\">\n<div class=\"is-layout-flow wp-block-column is-vertically-aligned-center\" style=\"flex-basis:100%\">\n<p>Wir freuen uns \u00fcber jede Spende und stellen Ihnen gerne eine Spendenbescheinigung aus. Bis zu einem Betrag von 200 Euro gilt auch schon der Kontoauszug. Falls Sie eine Spendenbescheinigung w\u00fcnschen, geben Sie bei Ihrer \u00dcberweisung bitte Ihre Adresse an oder senden Sie uns eine Nachricht mit Adressangabe \u00fcber das\u00a0<a href=\"https:\/\/www.sprunginsleben.de\/?page_id=986&amp;lang=de\">Kontaktformular<\/a>. <\/p>\n\n\n\n<p> Herzlichen Dank!<\/p>\n<\/div>\n<\/div>\n<\/div><\/div>\n<\/div>\n<\/div>\n\n\n\n<h3>Bankverbindung f\u00fcr \u00dcberweisungen:<\/h3>\n\n\n\n<p>Sparkasse Karlsruhe Ettlingen   <\/p>\n\n\n\n<p>Kontoinhaber: Sprung ins Leben \u2013 Salto hacia la vida e.V.                                              <\/p>\n\n\n\n<p>BIC: KARSDE66XXX<br>IBAN: DE29 6605 0101 0001 3695 78<\/p>\n\n\n\n<h3>PayPal<\/h3>\n\n\n\n<p>Alternativ k\u00f6nnen Sie auch \u00fcber PayPal spenden:<\/p>\n\n\n<div ><form target='_blank' action='https:\/\/www.paypal.com\/cgi-bin\/webscr' method='post'><input type='hidden' name='cmd' value='_donations' \/><input type='hidden' name='business' value='8X26422WB7ECW' \/><input type='hidden' name='item_name' value='Spende' \/><input type='hidden' name='item_number' value='' \/><input type='hidden' name='currency_code' value='EUR' \/><input type='hidden' name='amount' id='amount_588df0c51eab8fead57162ce03cd733f' value='' \/><input type='hidden' name='no_note' value='1'><input type='hidden' name='no_shipping' value='1'><input type='hidden' name='notify_url' value='https:\/\/www.sprunginsleben.de\/wp-admin\/admin-post.php?action=add_wpedon_button_ipn'><input type='hidden' name='lc' value='de_DE'><input type='hidden' name='bn' value='WPPlugin_SP'><input type='hidden' name='return' value='' \/><input type='hidden' name='cancel_return' value='' \/><input class='wpedon_paypalbuttonimage' type='image' src='https:\/\/www.paypal.com\/de_DE\/DE\/i\/btn\/btn_donateCC_LG.gif' border='0' name='submit' alt='Make your payments with PayPal. It is free, secure, effective.' style='border: none;'><img alt='' border='0' style='border:none;display:none;' src='https:\/\/www.paypal.com\/de_DE\/i\/scr\/pixel.gif' width='1' height='1'><\/form><\/div>\n","protected":false},"excerpt":{"rendered":"<p>Wir freuen uns \u00fcber jede Spende und stellen Ihnen gerne eine Spendenbescheinigung aus. Bis zu einem Betrag von 200 Euro gilt auch schon der Kontoauszug. Falls Sie eine Spendenbescheinigung w\u00fcnschen, geben Sie bei Ihrer \u00dcberweisung bitte Ihre Adresse an oder senden Sie uns eine Nachricht mit Adressangabe \u00fcber das\u00a0Kontaktformular. Herzlichen Dank! Bankverbindung f\u00fcr \u00dcberweisungen: Sparkasse [&hellip;]<\/p>\n","protected":false},"author":6,"featured_media":2060,"parent":0,"menu_order":0,"comment_status":"closed","ping_status":"closed","template":"","meta":{"_uag_custom_page_level_css":""},"uagb_featured_image_src":{"full":["https:\/\/www.sprunginsleben.de\/wp-content\/uploads\/2021\/04\/US_20180319_137-prothese-scaled-e1617551511267.jpg",2547,681,false],"thumbnail":["https:\/\/www.sprunginsleben.de\/wp-content\/uploads\/2021\/04\/US_20180319_137-prothese-scaled-e1617551511267-150x150.jpg",150,150,true],"medium":["https:\/\/www.sprunginsleben.de\/wp-content\/uploads\/2021\/04\/US_20180319_137-prothese-scaled-e1617551511267-300x80.jpg",300,80,true],"medium_large":["https:\/\/www.sprunginsleben.de\/wp-content\/uploads\/2021\/04\/US_20180319_137-prothese-scaled-e1617551511267.jpg",2547,681,false],"large":["https:\/\/www.sprunginsleben.de\/wp-content\/uploads\/2021\/04\/US_20180319_137-prothese-scaled-e1617551511267-1024x274.jpg",640,171,true],"1536x1536":["https:\/\/www.sprunginsleben.de\/wp-content\/uploads\/2021\/04\/US_20180319_137-prothese-scaled-e1617551511267-1536x411.jpg",1536,411,true],"2048x2048":["https:\/\/www.sprunginsleben.de\/wp-content\/uploads\/2021\/04\/US_20180319_137-prothese-scaled-e1617551511267-2048x548.jpg",2048,548,true],"charity-fundraiser-homepage-thumb":["https:\/\/www.sprunginsleben.de\/wp-content\/uploads\/2021\/04\/US_20180319_137-prothese-scaled-e1617551511267-240x145.jpg",240,145,true]},"uagb_author_info":{"display_name":"Angus","author_link":"https:\/\/www.sprunginsleben.de\/?author=6"},"uagb_comment_info":0,"uagb_excerpt":"Wir freuen uns \u00fcber jede Spende und stellen Ihnen gerne eine Spendenbescheinigung aus. Bis zu einem Betrag von 200 Euro gilt auch schon der Kontoauszug. Falls Sie eine Spendenbescheinigung w\u00fcnschen, geben Sie bei Ihrer \u00dcberweisung bitte Ihre Adresse an oder senden Sie uns eine Nachricht mit Adressangabe \u00fcber das\u00a0Kontaktformular. Herzlichen Dank! Bankverbindung f\u00fcr \u00dcberweisungen: Sparkasse&hellip;","_links":{"self":[{"href":"https:\/\/www.sprunginsleben.de\/index.php?rest_route=\/wp\/v2\/pages\/1901"}],"collection":[{"href":"https:\/\/www.sprunginsleben.de\/index.php?rest_route=\/wp\/v2\/pages"}],"about":[{"href":"https:\/\/www.sprunginsleben.de\/index.php?rest_route=\/wp\/v2\/types\/page"}],"author":[{"embeddable":true,"href":"https:\/\/www.sprunginsleben.de\/index.php?rest_route=\/wp\/v2\/users\/6"}],"replies":[{"embeddable":true,"href":"https:\/\/www.sprunginsleben.de\/index.php?rest_route=%2Fwp%2Fv2%2Fcomments&post=1901"}],"version-history":[{"count":0,"href":"https:\/\/www.sprunginsleben.de\/index.php?rest_route=\/wp\/v2\/pages\/1901\/revisions"}],"wp:featuredmedia":[{"embeddable":true,"href":"https:\/\/www.sprunginsleben.de\/index.php?rest_route=\/wp\/v2\/media\/2060"}],"wp:attachment":[{"href":"https:\/\/www.sprunginsleben.de\/index.php?rest_route=%2Fwp%2Fv2%2Fmedia&parent=1901"}],"curies":[{"name":"wp","href":"https:\/\/api.w.org\/{rel}","templated":true}]}}