{"id":1934,"date":"2021-03-25T18:36:49","date_gmt":"2021-03-25T17:36:49","guid":{"rendered":"https:\/\/www.sprunginsleben.de\/?page_id=1934"},"modified":"2021-04-04T22:31:11","modified_gmt":"2021-04-04T20:31:11","slug":"isabel-kleitsch-stellvertretende-vorsitzende","status":"publish","type":"page","link":"https:\/\/www.sprunginsleben.de\/?page_id=1934&lang=de","title":{"rendered":"Isabel Kleitsch, stellvertretende Vorsitzende"},"content":{"rendered":"\n<p><strong>\u201eIch bin immer wieder aufs Neue beeindruckt von der professionellen und f\u00fcrsorglichen Behandlung, die unsere Sch\u00fctzlinge in der Stiftung Hermano Miguel bekommen.\u201c<\/strong><\/p>\n\n\n\n<p>Ihre Liebe zu Lateinamerika hat unsere Vize-Vorsitzende bereits 2006 entdeckt: bei einem Sch\u00fcleraustausch in Argentinien hat sie nicht nur spanisch gelernt, sondern auch enge Kontakte in die Region gekn\u00fcpft. Seit der Gr\u00fcndung von Sprung ins Leben ein aktives Mitglied, hat Isabel 2015 den Vize-Vorsitz \u00fcbernommen. In dieser Rolle stellt sie unter anderem sicher, dass unsere Mitglieder \u00fcber Gesch\u00e4ftsberichte und Vereinssitzungen immer bestens informiert sind und h\u00e4lt Kontakt nach Ecuador. 2018 konnte sie viele Sch\u00fctzlinge sowie die Stiftung Hermano Miguel das erste Mal pers\u00f6nlich kennenlernen und besuchen. Nach einigen Jahren im Projektmanagement der staatlichen KfW Entwicklungsbank, hat sie 2020 ein zweites Master-Studium im Bereich Public Policy an der Harvard Universit\u00e4t in Boston aufgenommen.<\/p>\n","protected":false},"excerpt":{"rendered":"<p>\u201eIch bin immer wieder aufs Neue beeindruckt von der professionellen und f\u00fcrsorglichen Behandlung, die unsere Sch\u00fctzlinge in der Stiftung Hermano Miguel bekommen.\u201c Ihre Liebe zu Lateinamerika hat unsere Vize-Vorsitzende bereits 2006 entdeckt: bei einem Sch\u00fcleraustausch in Argentinien hat sie nicht nur spanisch gelernt, sondern auch enge Kontakte in die Region gekn\u00fcpft. Seit der Gr\u00fcndung von [&hellip;]<\/p>\n","protected":false},"author":7,"featured_media":2044,"parent":0,"menu_order":0,"comment_status":"closed","ping_status":"closed","template":"","meta":{"_uag_custom_page_level_css":""},"uagb_featured_image_src":{"full":["https:\/\/www.sprunginsleben.de\/wp-content\/uploads\/2021\/04\/US_20180319_271-copy-scaled-e1646647487205.jpg",1625,381,false],"thumbnail":["https:\/\/www.sprunginsleben.de\/wp-content\/uploads\/2021\/04\/US_20180319_271-copy-scaled-e1646647487205-150x150.jpg",150,150,true],"medium":["https:\/\/www.sprunginsleben.de\/wp-content\/uploads\/2021\/04\/US_20180319_271-copy-scaled-e1646647487205-300x70.jpg",300,70,true],"medium_large":["https:\/\/www.sprunginsleben.de\/wp-content\/uploads\/2021\/04\/US_20180319_271-copy-scaled-e1646647487205.jpg",1625,381,false],"large":["https:\/\/www.sprunginsleben.de\/wp-content\/uploads\/2021\/04\/US_20180319_271-copy-scaled-e1646647487205-1024x240.jpg",640,150,true],"1536x1536":["https:\/\/www.sprunginsleben.de\/wp-content\/uploads\/2021\/04\/US_20180319_271-copy-scaled-e1646647487205-1536x360.jpg",1536,360,true],"2048x2048":["https:\/\/www.sprunginsleben.de\/wp-content\/uploads\/2021\/04\/US_20180319_271-copy-scaled-e1617540141156-2048x1366.jpg",2048,1366,true],"charity-fundraiser-homepage-thumb":["https:\/\/www.sprunginsleben.de\/wp-content\/uploads\/2021\/04\/US_20180319_271-copy-scaled-e1646647487205-240x145.jpg",240,145,true]},"uagb_author_info":{"display_name":"Sophia Fisher","author_link":"https:\/\/www.sprunginsleben.de\/?author=7"},"uagb_comment_info":0,"uagb_excerpt":"\u201eIch bin immer wieder aufs Neue beeindruckt von der professionellen und f\u00fcrsorglichen Behandlung, die unsere Sch\u00fctzlinge in der Stiftung Hermano Miguel bekommen.\u201c Ihre Liebe zu Lateinamerika hat unsere Vize-Vorsitzende bereits 2006 entdeckt: bei einem Sch\u00fcleraustausch in Argentinien hat sie nicht nur spanisch gelernt, sondern auch enge Kontakte in die Region gekn\u00fcpft. Seit der Gr\u00fcndung von&hellip;","_links":{"self":[{"href":"https:\/\/www.sprunginsleben.de\/index.php?rest_route=\/wp\/v2\/pages\/1934"}],"collection":[{"href":"https:\/\/www.sprunginsleben.de\/index.php?rest_route=\/wp\/v2\/pages"}],"about":[{"href":"https:\/\/www.sprunginsleben.de\/index.php?rest_route=\/wp\/v2\/types\/page"}],"author":[{"embeddable":true,"href":"https:\/\/www.sprunginsleben.de\/index.php?rest_route=\/wp\/v2\/users\/7"}],"replies":[{"embeddable":true,"href":"https:\/\/www.sprunginsleben.de\/index.php?rest_route=%2Fwp%2Fv2%2Fcomments&post=1934"}],"version-history":[{"count":0,"href":"https:\/\/www.sprunginsleben.de\/index.php?rest_route=\/wp\/v2\/pages\/1934\/revisions"}],"wp:featuredmedia":[{"embeddable":true,"href":"https:\/\/www.sprunginsleben.de\/index.php?rest_route=\/wp\/v2\/media\/2044"}],"wp:attachment":[{"href":"https:\/\/www.sprunginsleben.de\/index.php?rest_route=%2Fwp%2Fv2%2Fmedia&parent=1934"}],"curies":[{"name":"wp","href":"https:\/\/api.w.org\/{rel}","templated":true}]}}