{"id":1937,"date":"2021-03-25T18:43:11","date_gmt":"2021-03-25T17:43:11","guid":{"rendered":"https:\/\/www.sprunginsleben.de\/?page_id=1937"},"modified":"2022-03-06T21:42:58","modified_gmt":"2022-03-06T20:42:58","slug":"sophia-fisher-schriftfuhrerin","status":"publish","type":"page","link":"https:\/\/www.sprunginsleben.de\/?page_id=1937&lang=de","title":{"rendered":"Sophia Fisher, Schriftf\u00fchrerin"},"content":{"rendered":"\n<p><strong>&#8220;Es ist toll zu sehen, wie viele Menschen Anteil am Leben unserer Sch\u00fctzlinge nehmen und sie durch ihren Spendenbeitrag unterst\u00fctzen. Daf\u00fcr an dieser Stelle auch von mir ein gro\u00dfes Dankesch\u00f6n!&#8221;<\/strong><\/p>\n\n\n\n<p>Als Schriftf\u00fchrerin ist Sophia daf\u00fcr zust\u00e4ndig, die Spendenbescheinigungen auszustellen. Sophia, die bei der Deutschen Kreditbank AG (DKB) im Bereich Public Affairs &amp; Nachhaltigkeit arbeitet, ist schon lange Mitglied bei Sprung ins Leben &#8211; Salto hacia la vida e.V. Sie freut sich sehr, im letzten Jahr in den Vorstand gew\u00e4hlt worden zu sein und sich von jetzt an aktiv in die Vereinsarbeit einbringen zu k\u00f6nnen. <\/p>\n","protected":false},"excerpt":{"rendered":"<p>&#8220;Es ist toll zu sehen, wie viele Menschen Anteil am Leben unserer Sch\u00fctzlinge nehmen und sie durch ihren Spendenbeitrag unterst\u00fctzen. Daf\u00fcr an dieser Stelle auch von mir ein gro\u00dfes Dankesch\u00f6n!&#8221; Als Schriftf\u00fchrerin ist Sophia daf\u00fcr zust\u00e4ndig, die Spendenbescheinigungen auszustellen. Sophia, die bei der Deutschen Kreditbank AG (DKB) im Bereich Public Affairs &amp; Nachhaltigkeit arbeitet, ist [&hellip;]<\/p>\n","protected":false},"author":7,"featured_media":2226,"parent":0,"menu_order":0,"comment_status":"closed","ping_status":"closed","template":"","meta":{"_uag_custom_page_level_css":""},"uagb_featured_image_src":{"full":["https:\/\/www.sprunginsleben.de\/wp-content\/uploads\/2022\/03\/IMG_8607-scaled-e1646599356823.jpg",1910,488,false],"thumbnail":["https:\/\/www.sprunginsleben.de\/wp-content\/uploads\/2022\/03\/IMG_8607-scaled-e1646599356823-150x150.jpg",150,150,true],"medium":["https:\/\/www.sprunginsleben.de\/wp-content\/uploads\/2022\/03\/IMG_8607-scaled-e1646599356823-300x77.jpg",300,77,true],"medium_large":["https:\/\/www.sprunginsleben.de\/wp-content\/uploads\/2022\/03\/IMG_8607-scaled-e1646599356823.jpg",1910,488,false],"large":["https:\/\/www.sprunginsleben.de\/wp-content\/uploads\/2022\/03\/IMG_8607-scaled-e1646599356823-1024x262.jpg",640,164,true],"1536x1536":["https:\/\/www.sprunginsleben.de\/wp-content\/uploads\/2022\/03\/IMG_8607-scaled-e1646599356823-1536x392.jpg",1536,392,true],"2048x2048":["https:\/\/www.sprunginsleben.de\/wp-content\/uploads\/2022\/03\/IMG_8607-1536x2048.jpg",1536,2048,true],"charity-fundraiser-homepage-thumb":["https:\/\/www.sprunginsleben.de\/wp-content\/uploads\/2022\/03\/IMG_8607-scaled-e1646599356823-240x145.jpg",240,145,true]},"uagb_author_info":{"display_name":"Sophia Fisher","author_link":"https:\/\/www.sprunginsleben.de\/?author=7"},"uagb_comment_info":0,"uagb_excerpt":"&#8220;Es ist toll zu sehen, wie viele Menschen Anteil am Leben unserer Sch\u00fctzlinge nehmen und sie durch ihren Spendenbeitrag unterst\u00fctzen. Daf\u00fcr an dieser Stelle auch von mir ein gro\u00dfes Dankesch\u00f6n!&#8221; Als Schriftf\u00fchrerin ist Sophia daf\u00fcr zust\u00e4ndig, die Spendenbescheinigungen auszustellen. Sophia, die bei der Deutschen Kreditbank AG (DKB) im Bereich Public Affairs &amp; Nachhaltigkeit arbeitet, ist&hellip;","_links":{"self":[{"href":"https:\/\/www.sprunginsleben.de\/index.php?rest_route=\/wp\/v2\/pages\/1937"}],"collection":[{"href":"https:\/\/www.sprunginsleben.de\/index.php?rest_route=\/wp\/v2\/pages"}],"about":[{"href":"https:\/\/www.sprunginsleben.de\/index.php?rest_route=\/wp\/v2\/types\/page"}],"author":[{"embeddable":true,"href":"https:\/\/www.sprunginsleben.de\/index.php?rest_route=\/wp\/v2\/users\/7"}],"replies":[{"embeddable":true,"href":"https:\/\/www.sprunginsleben.de\/index.php?rest_route=%2Fwp%2Fv2%2Fcomments&post=1937"}],"version-history":[{"count":0,"href":"https:\/\/www.sprunginsleben.de\/index.php?rest_route=\/wp\/v2\/pages\/1937\/revisions"}],"wp:featuredmedia":[{"embeddable":true,"href":"https:\/\/www.sprunginsleben.de\/index.php?rest_route=\/wp\/v2\/media\/2226"}],"wp:attachment":[{"href":"https:\/\/www.sprunginsleben.de\/index.php?rest_route=%2Fwp%2Fv2%2Fmedia&parent=1937"}],"curies":[{"name":"wp","href":"https:\/\/api.w.org\/{rel}","templated":true}]}}