{"id":2225,"date":"2022-03-07T09:11:26","date_gmt":"2022-03-07T08:11:26","guid":{"rendered":"https:\/\/www.sprunginsleben.de\/?page_id=2225"},"modified":"2022-04-10T17:28:35","modified_gmt":"2022-04-10T15:28:35","slug":"unsere-schutzlinge-v2","status":"publish","type":"page","link":"https:\/\/www.sprunginsleben.de\/?page_id=2225&lang=de","title":{"rendered":"Unsere Sch\u00fctzlinge"},"content":{"rendered":"\n<p>Bis heute haben wir insgesamt 69 Kinder im Prothesenprogramm aufgenommen. Aktuell unterst\u00fctzen wir 48 Kinder aktiv. Dabei legen wir gro\u00dfen Wert auf nachhaltige Hilfe: Wir finanzieren nicht nur einzelne Prothesen und Orthesen, sondern begleiten die Kinder bis zu ihrer Vollj\u00e4hrigkeit. Wir finanzieren alle Gr\u00f6\u00dfenanpassungen und die psychologische und physiotherapeutische Betreuung der Kinder.<\/p>\n\n\n\n<p>Ein paar unserer Sch\u00fctzlinge m\u00f6chten wir Ihnen hier vorstellen.&nbsp;<\/p>\n\n\n\n<style id=\"sp_pcp_dynamic_style2232\">#pcp_wrapper-2232 .sp-pcp-row{ margin-right: -10px;margin-left: -10px;}#pcp_wrapper-2232 .sp-pcp-row [class*='sp-pcp-col-']{padding-right: 10px;padding-left: 10px;padding-bottom: 20px;}.pcp-wrapper-2232 .sp-pcp-title a {color: #111;display: inherit;} .pcp-wrapper-2232 .sp-pcp-title a:hover {color: #e1624b;}.pcp-wrapper-2232 .sp-pcp-post-content{color: #444; }#pcp_wrapper-2232 .dots .swiper-pagination-bullet{ background: #cccccc; } #pcp_wrapper-2232 .dots .swiper-pagination-bullet-active { background: #D64224; }#pcp_wrapper-2232 .pcp-button-prev,#pcp_wrapper-2232 .pcp-button-next{ background-image: none; background-size: auto; background-color: #fff; height: 33px; width: 33px; margin-top: 8px; border: 1px solid #aaa; text-align: center; line-height: 30px; -webkit-transition: 0.3s; }#pcp_wrapper-2232 .pcp-button-prev:hover, #pcp_wrapper-2232 .pcp-button-next:hover{ background-color: #D64224; border-color: #D64224; } #pcp_wrapper-2232 .pcp-button-prev .fa, #pcp_wrapper-2232 .pcp-button-next .fa { color: #aaa; } #pcp_wrapper-2232 .pcp-button-prev:hover .fa, #pcp_wrapper-2232 .pcp-button-next:hover .fa { color: #fff; } #pcp_wrapper-2232.pcp-carousel-wrapper .sp-pcp-post{ margin-top: 0; }#pcp_wrapper-2232 .sp-pcp-post {padding: 0 0 0 0;}#pcp_wrapper-2232 .sp-pcp-post {border: 0px solid #e2e2e2;}#pcp_wrapper-2232 .sp-pcp-post {border-radius: 0px;}#pcp_wrapper-2232 .sp-pcp-post{background-color: transparent;}.pcp-wrapper-2232 .sp-pcp-post-meta li,.pcp-wrapper-2232 .sp-pcp-post-meta ul,.pcp-wrapper-2232 .sp-pcp-post-meta li a{color: #888;}.pcp-wrapper-2232 .sp-pcp-post-meta li a:hover{color: #e1624b;}#pcp_wrapper-2232 .pcp-readmore-link{ background: transparent; color: #111; border-color: #888; } #pcp_wrapper-2232 .pcp-readmore-link:hover { background: #e1624b; color: #fff; border-color: #e1624b; }#pcp_wrapper-2232 .pcp-post-pagination .page-numbers.current, #pcp_wrapper-2232 .pcp-post-pagination a.active , #pcp_wrapper-2232 .pcp-post-pagination a:hover{ color: #ffffff; background: #e1624b; border-color: #e1624b; }#pcp_wrapper-2232 .pcp-post-pagination .page-numbers, .pcp-post-pagination a{ background: #ffffff; color:#5e5e5e; border-color: #bbbbbb; }<\/style><!-- Markup Starts -->\n<div id=\"pcp_wrapper-2232\" class=\"sp-pcp-section sp-pcp-container pcp-wrapper-2232 pcp-carousel-wrapper standard\" data-sid=\"2232\">\n\t<div id=\"sp-pcp-id-2232\" class=\"swiper-container sp-pcp-carousel top_right\" dir=\"ltr\" data-carousel='{ \"speed\":600, \"items\":4, \"spaceBetween\":20, \"navigation\":true, \"pagination\": true, \"autoplay\": true, \"autoplay_speed\": 2000, \"loop\": true, \"autoHeight\": false, \"lazy\":  true, \"simulateTouch\": true, \"freeMode\": false, \"slider_mouse_wheel\": false,\"allowTouchMove\": true, \"slidesPerView\": {\"lg_desktop\": 4, \"desktop\": 4, \"tablet\": 3, \"mobile_landscape\": 2, \"mobile\": 1}, \"navigation_mobile\": true, \"pagination_mobile\": true, \"stop_onHover\": true, \"enabled\": true, \"prevSlideMessage\": \"Previous slide\", \"nextSlideMessage\": \"Next slide\", \"firstSlideMessage\": \"This is the first slide\", \"lastSlideMessage\": \"This is the last slide\", \"paginationBulletMessage\": \"Go to slide {{index}}\" }'>\n\t\t\t<div class=\"swiper-wrapper\">\n\t\t\t\t\t\t<div class=\" swiper-slide swiper-lazy\">\n\t\t\t<div class=\"sp-pcp-post pcp-item-1799\" data-id=\"1799\">\n\t\t\t\t\t\t\t\t<div class=\"pcp-post-thumb-wrapper\">\n\t\t\t\t\t<div class=\"sp-pcp-post-thumb-area\">\n\t\t\t\t\t\t\t\t\t\t\t\t<a class=\"sp-pcp-thumb\" href=\"https:\/\/www.sprunginsleben.de\/?p=1799&#038;lang=de\" target=\"_self\" >\n\t\t\t\t\t\t\t\t\t\t\t\t\t<img src=\"https:\/\/www.sprunginsleben.de\/wp-content\/uploads\/2019\/10\/1910-Julian-Villamarin-mit-Prothese-e1582368811188.jpg\" width=\"652\" height=\"905\" alt=\"\">\n\t\t\t\t\t\t<\/a>\n\t\t\t\t\t<\/div>\n\t\t\t\t<\/div>\n\t\t\t\t\t\t\t<h2 class=\"sp-pcp-title\">\n\t\t\t\t\t\t\t\t\t<a href=\"https:\/\/www.sprunginsleben.de\/?p=1799&#038;lang=de\"  target=\"_self\">Julian Villamarin<\/a>\t\t\t\t\t\t\t<\/h2>\n\t\t\t\t\t\t<div class=\"sp-pcp-post-content\">\n\t\t\t<p>Julian wurde im M\u00e4rz 2011 geboren. 2018 bemerkten Julians Eltern, dass er humpelt. Bei ihm wurde ein Knochentumor diagnostiziert, weswegen er operiert wurde. Im Verlaufe der Operation stellte sich heraus, dass das Bein amputiert werden muss. Vor und nach der Operation wurde er jeweils in zehn Mal chemotherapeutisch behandelt. Die letzte Therapie fand im April [&hellip;]<\/p>\n\t\t<div class=\"sp-pcp-readmore\">\n\t\t\t\t\t\t\t<a class=\"pcp-readmore-link\" target=\"_self\" href=\"https:\/\/www.sprunginsleben.de\/?p=1799&#038;lang=de\" >\n\t\t\t\t\t\tMehr erfahren <\/a>\n\t\t<\/div>\n\t\t\t\t\t<\/div>\n\t\t\t\t\t\t<\/div>\n\t\t<\/div>\n\t\t\t\t<div class=\" swiper-slide swiper-lazy\">\n\t\t\t<div class=\"sp-pcp-post pcp-item-1609\" data-id=\"1609\">\n\t\t\t\t\t\t\t\t<div class=\"pcp-post-thumb-wrapper\">\n\t\t\t\t\t<div class=\"sp-pcp-post-thumb-area\">\n\t\t\t\t\t\t\t\t\t\t\t\t<a class=\"sp-pcp-thumb\" href=\"https:\/\/www.sprunginsleben.de\/?p=1609&#038;lang=de\" target=\"_self\" >\n\t\t\t\t\t\t\t\t\t\t\t\t\t<img src=\"https:\/\/www.sprunginsleben.de\/wp-content\/uploads\/2022\/03\/Maybelin_1-scaled.jpg\" width=\"2560\" height=\"1919\" alt=\"\">\n\t\t\t\t\t\t<\/a>\n\t\t\t\t\t<\/div>\n\t\t\t\t<\/div>\n\t\t\t\t\t\t\t<h2 class=\"sp-pcp-title\">\n\t\t\t\t\t\t\t\t\t<a href=\"https:\/\/www.sprunginsleben.de\/?p=1609&#038;lang=de\"  target=\"_self\">Maybelin Portilla<\/a>\t\t\t\t\t\t\t<\/h2>\n\t\t\t\t\t\t<div class=\"sp-pcp-post-content\">\n\t\t\t<p>Maybelin Portilla,&nbsp;geboren am 15.09.2006, lebt in Cotacachi, Provinz Imbabura. Vor einigen Jahren wurde Maybelin ein Knochentumor diagnostiziert. Leider reichte die Chemo- und Strahlenterapie nicht aus und Maybelin musste im Januar 2017 das Bein abgenommen werden. Seitdem hat sie durch Physiotherapie ihr anderes Bein gest\u00e4rkt und ist nun bereit f\u00fcr eine Prothese. Am Sch\u00fctzlingstreffen im M\u00e4rz [&hellip;]<\/p>\n\t\t<div class=\"sp-pcp-readmore\">\n\t\t\t\t\t\t\t<a class=\"pcp-readmore-link\" target=\"_self\" href=\"https:\/\/www.sprunginsleben.de\/?p=1609&#038;lang=de\" >\n\t\t\t\t\t\tMehr erfahren <\/a>\n\t\t<\/div>\n\t\t\t\t\t<\/div>\n\t\t\t\t\t\t<\/div>\n\t\t<\/div>\n\t\t\t\t<div class=\" swiper-slide swiper-lazy\">\n\t\t\t<div class=\"sp-pcp-post pcp-item-196\" data-id=\"196\">\n\t\t\t\t\t\t\t\t<div class=\"pcp-post-thumb-wrapper\">\n\t\t\t\t\t<div class=\"sp-pcp-post-thumb-area\">\n\t\t\t\t\t\t\t\t\t\t\t\t<a class=\"sp-pcp-thumb\" href=\"https:\/\/www.sprunginsleben.de\/?p=196&#038;lang=de\" target=\"_self\" >\n\t\t\t\t\t\t\t\t\t\t\t\t\t<img src=\"https:\/\/www.sprunginsleben.de\/wp-content\/uploads\/2012\/08\/Samantha_mit-Prothese.jpg\" width=\"738\" height=\"1178\" alt=\"\">\n\t\t\t\t\t\t<\/a>\n\t\t\t\t\t<\/div>\n\t\t\t\t<\/div>\n\t\t\t\t\t\t\t<h2 class=\"sp-pcp-title\">\n\t\t\t\t\t\t\t\t\t<a href=\"https:\/\/www.sprunginsleben.de\/?p=196&#038;lang=de\"  target=\"_self\">Samanta Chicaiza<\/a>\t\t\t\t\t\t\t<\/h2>\n\t\t\t\t\t\t<div class=\"sp-pcp-post-content\">\n\t\t\t<p>Samanta Chicaiza wurde ohne den linken Unterarm geboren. Ihre Oma, Carmen Lozano, hat uns einen Brief geschrieben (Lesen Sie Carmen Lozanos Brief) und um unsere Unterst\u00fctzung gebeten. Wir hatten beschlossen, Samanta zu helfen, aber im M\u00e4rz 2012 erfahren, dass sie bereits eine Prothese vom Roten Kreuz erhalten hatte, was uns Samantas Mutter verschwiegen hatte. Daraufhin [&hellip;]<\/p>\n\t\t<div class=\"sp-pcp-readmore\">\n\t\t\t\t\t\t\t<a class=\"pcp-readmore-link\" target=\"_self\" href=\"https:\/\/www.sprunginsleben.de\/?p=196&#038;lang=de\" >\n\t\t\t\t\t\tMehr erfahren <\/a>\n\t\t<\/div>\n\t\t\t\t\t<\/div>\n\t\t\t\t\t\t<\/div>\n\t\t<\/div>\n\t\t\t\t<div class=\" swiper-slide swiper-lazy\">\n\t\t\t<div class=\"sp-pcp-post pcp-item-36\" data-id=\"36\">\n\t\t\t\t\t\t\t\t<div class=\"pcp-post-thumb-wrapper\">\n\t\t\t\t\t<div class=\"sp-pcp-post-thumb-area\">\n\t\t\t\t\t\t\t\t\t\t\t\t<a class=\"sp-pcp-thumb\" href=\"https:\/\/www.sprunginsleben.de\/?p=36&#038;lang=de\" target=\"_self\" >\n\t\t\t\t\t\t\t\t\t\t\t\t\t<img src=\"https:\/\/www.sprunginsleben.de\/wp-content\/uploads\/2022\/03\/Joel_1-scaled.jpg\" width=\"2560\" height=\"1923\" alt=\"\">\n\t\t\t\t\t\t<\/a>\n\t\t\t\t\t<\/div>\n\t\t\t\t<\/div>\n\t\t\t\t\t\t\t<h2 class=\"sp-pcp-title\">\n\t\t\t\t\t\t\t\t\t<a href=\"https:\/\/www.sprunginsleben.de\/?p=36&#038;lang=de\"  target=\"_self\">Joel Manobanda<\/a>\t\t\t\t\t\t\t<\/h2>\n\t\t\t\t\t\t<div class=\"sp-pcp-post-content\">\n\t\t\t<p>Joel ist f\u00fcnf Jahre alt. Seine Familie ist indigen und lebt in Guaranda (1,5 Stunden von Riobamba entfernt). Joel wurde im Februar 2011 in einen Autounfall verwickelt, als er mit seinen zwei Freunden auf dem Weg zur Schule war.<\/p>\n\t\t<div class=\"sp-pcp-readmore\">\n\t\t\t\t\t\t\t<a class=\"pcp-readmore-link\" target=\"_self\" href=\"https:\/\/www.sprunginsleben.de\/?p=36&#038;lang=de\" >\n\t\t\t\t\t\tMehr erfahren <\/a>\n\t\t<\/div>\n\t\t\t\t\t<\/div>\n\t\t\t\t\t\t<\/div>\n\t\t<\/div>\n\t\t\t\t<div class=\" swiper-slide swiper-lazy\">\n\t\t\t<div class=\"sp-pcp-post pcp-item-17\" data-id=\"17\">\n\t\t\t\t\t\t\t\t<div class=\"pcp-post-thumb-wrapper\">\n\t\t\t\t\t<div class=\"sp-pcp-post-thumb-area\">\n\t\t\t\t\t\t\t\t\t\t\t\t<a class=\"sp-pcp-thumb\" href=\"https:\/\/www.sprunginsleben.de\/?p=17&#038;lang=de\" target=\"_self\" >\n\t\t\t\t\t\t\t\t\t\t\t\t\t<img src=\"https:\/\/www.sprunginsleben.de\/wp-content\/uploads\/2018\/04\/steven-e1524594397790.jpg\" width=\"585\" height=\"633\" alt=\"\">\n\t\t\t\t\t\t<\/a>\n\t\t\t\t\t<\/div>\n\t\t\t\t<\/div>\n\t\t\t\t\t\t\t<h2 class=\"sp-pcp-title\">\n\t\t\t\t\t\t\t\t\t<a href=\"https:\/\/www.sprunginsleben.de\/?p=17&#038;lang=de\"  target=\"_self\">Steven Carrasco<\/a>\t\t\t\t\t\t\t<\/h2>\n\t\t\t\t\t\t<div class=\"sp-pcp-post-content\">\n\t\t\t<p>Steven ist&nbsp;13 Jahre alt und kommt aus dem ca. 200 km s\u00fcdlich von Quito gelegenen Ambato. Er kam in der H\u00fctte seiner Familie mit der Stromleitung in Ber\u00fchrung, die \u00fcber der Sp\u00fcle angebracht ist.<\/p>\n\t\t<div class=\"sp-pcp-readmore\">\n\t\t\t\t\t\t\t<a class=\"pcp-readmore-link\" target=\"_self\" href=\"https:\/\/www.sprunginsleben.de\/?p=17&#038;lang=de\" >\n\t\t\t\t\t\tMehr erfahren <\/a>\n\t\t<\/div>\n\t\t\t\t\t<\/div>\n\t\t\t\t\t\t<\/div>\n\t\t<\/div>\n\t\t\t\t\t<\/div>\n\t\t\t\t\t\t<div class=\"pcp-pagination swiper-pagination dots\"><\/div>\n\t\t\t\t\t\t\t\t\t\t<div class=\"pcp-button-next swiper-button-next top_right\"><i class=\"fa fa-angle-right\"><\/i><\/div>\n\t\t\t\t<div class=\"pcp-button-prev swiper-button-prev top_right\"><i class=\"fa fa-angle-left\"><\/i><\/div>\t<\/div>\n<\/div>\n\n\n\n\n<p><\/p>\n\n\n\n<p>Alle anderen Sch\u00fctzlinge finden Sie <a href=\"https:\/\/www.sprunginsleben.de\/?cat=31&amp;lang=de\">hier<\/a>.<\/p>\n","protected":false},"excerpt":{"rendered":"<p>Bis heute haben wir insgesamt 69 Kinder im Prothesenprogramm aufgenommen. Aktuell unterst\u00fctzen wir 48 Kinder aktiv. Dabei legen wir gro\u00dfen Wert auf nachhaltige Hilfe: Wir finanzieren nicht nur einzelne Prothesen und Orthesen, sondern begleiten die Kinder bis zu ihrer Vollj\u00e4hrigkeit. Wir finanzieren alle Gr\u00f6\u00dfenanpassungen und die psychologische und physiotherapeutische Betreuung der Kinder. Ein paar unserer [&hellip;]<\/p>\n","protected":false},"author":6,"featured_media":2039,"parent":0,"menu_order":0,"comment_status":"closed","ping_status":"closed","template":"","meta":{"_uag_custom_page_level_css":""},"uagb_featured_image_src":{"full":["https:\/\/www.sprunginsleben.de\/wp-content\/uploads\/2021\/04\/US_20180316_040-copy-scaled-e1617545753148.jpg",1025,400,false],"thumbnail":["https:\/\/www.sprunginsleben.de\/wp-content\/uploads\/2021\/04\/US_20180316_040-copy-scaled-e1617545738181-150x150.jpg",150,150,true],"medium":["https:\/\/www.sprunginsleben.de\/wp-content\/uploads\/2021\/04\/US_20180316_040-copy-scaled-e1617545738181-300x117.jpg",300,117,true],"medium_large":["https:\/\/www.sprunginsleben.de\/wp-content\/uploads\/2021\/04\/US_20180316_040-copy-scaled-e1617545753148.jpg",1025,400,false],"large":["https:\/\/www.sprunginsleben.de\/wp-content\/uploads\/2021\/04\/US_20180316_040-copy-scaled-e1617545738181-1024x400.jpg",640,250,true],"1536x1536":["https:\/\/www.sprunginsleben.de\/wp-content\/uploads\/2021\/04\/US_20180316_040-copy-scaled-e1617545738181-1536x599.jpg",1536,599,true],"2048x2048":["https:\/\/www.sprunginsleben.de\/wp-content\/uploads\/2021\/04\/US_20180316_040-copy-scaled-e1617538957153-2048x688.jpg",2048,688,true],"charity-fundraiser-homepage-thumb":["https:\/\/www.sprunginsleben.de\/wp-content\/uploads\/2021\/04\/US_20180316_040-copy-scaled-e1617545738181-240x145.jpg",240,145,true]},"uagb_author_info":{"display_name":"Angus","author_link":"https:\/\/www.sprunginsleben.de\/?author=6"},"uagb_comment_info":0,"uagb_excerpt":"Bis heute haben wir insgesamt 69 Kinder im Prothesenprogramm aufgenommen. Aktuell unterst\u00fctzen wir 48 Kinder aktiv. Dabei legen wir gro\u00dfen Wert auf nachhaltige Hilfe: Wir finanzieren nicht nur einzelne Prothesen und Orthesen, sondern begleiten die Kinder bis zu ihrer Vollj\u00e4hrigkeit. Wir finanzieren alle Gr\u00f6\u00dfenanpassungen und die psychologische und physiotherapeutische Betreuung der Kinder. Ein paar unserer&hellip;","_links":{"self":[{"href":"https:\/\/www.sprunginsleben.de\/index.php?rest_route=\/wp\/v2\/pages\/2225"}],"collection":[{"href":"https:\/\/www.sprunginsleben.de\/index.php?rest_route=\/wp\/v2\/pages"}],"about":[{"href":"https:\/\/www.sprunginsleben.de\/index.php?rest_route=\/wp\/v2\/types\/page"}],"author":[{"embeddable":true,"href":"https:\/\/www.sprunginsleben.de\/index.php?rest_route=\/wp\/v2\/users\/6"}],"replies":[{"embeddable":true,"href":"https:\/\/www.sprunginsleben.de\/index.php?rest_route=%2Fwp%2Fv2%2Fcomments&post=2225"}],"version-history":[{"count":0,"href":"https:\/\/www.sprunginsleben.de\/index.php?rest_route=\/wp\/v2\/pages\/2225\/revisions"}],"wp:featuredmedia":[{"embeddable":true,"href":"https:\/\/www.sprunginsleben.de\/index.php?rest_route=\/wp\/v2\/media\/2039"}],"wp:attachment":[{"href":"https:\/\/www.sprunginsleben.de\/index.php?rest_route=%2Fwp%2Fv2%2Fmedia&parent=2225"}],"curies":[{"name":"wp","href":"https:\/\/api.w.org\/{rel}","templated":true}]}}