{"id":2233,"date":"2022-03-06T22:07:08","date_gmt":"2022-03-06T21:07:08","guid":{"rendered":"https:\/\/www.sprunginsleben.de\/?page_id=2233"},"modified":"2022-04-25T15:30:11","modified_gmt":"2022-04-25T13:30:11","slug":"uber-uns","status":"publish","type":"page","link":"https:\/\/www.sprunginsleben.de\/?page_id=2233&lang=de","title":{"rendered":"\u00dcber Uns"},"content":{"rendered":"\n<p>Alle Verantwortlichen und Unterst\u00fctzer*innen arbeiten ehrenamtlich. Wir freuen uns, Ihnen die K\u00f6pfe hinter Sprung ins Leben &#8211; Salto hacia la vida e.V. und die Hintergr\u00fcnde unseres Vereins hier vorzustellen. <\/p>\n\n\n\n<h3>Vorstand und Verantwortliche<\/h3>\n\n\n\n<p>Philippa Mund, Gr\u00fcnderin des Vereins und Vorsitzende (<a href=\"https:\/\/www.sprunginsleben.de\/?page_id=1933&amp;lang=de\">Mehr erfahren&#8230;<\/a>)<\/p>\n\n\n\n<p>Kontakt: Philippa.Mund@sprunginsleben.de<\/p>\n\n\n\n<p>Isabel Kleitsch, stellvertretende Vorsitzende (<a href=\"https:\/\/www.sprunginsleben.de\/?page_id=1934&amp;lang=de\">Mehr erfahren..<\/a>.)<\/p>\n\n\n\n<p>Kontakt: Isabel.Kleitsch@sprunginsleben.de<\/p>\n\n\n\n<p>Patricia Pe\u00f1aherrera, SiL-Koordinatorin vor Ort in Ecuador (<a href=\"https:\/\/www.sprunginsleben.de\/?page_id=1935&amp;lang=de\">Mehr erfahren&#8230;<\/a>)<\/p>\n\n\n\n<p>Markku Mund, Schatzmeister (<a href=\"https:\/\/www.sprunginsleben.de\/?page_id=1936&amp;lang=de\">Mehr erfahren&#8230;<\/a>)<\/p>\n\n\n\n<p>Sophia Fisher, Schriftf\u00fchrerin (<a href=\"https:\/\/www.sprunginsleben.de\/?page_id=1937&amp;lang=de\">Mehr erfahren&#8230;<\/a>)<\/p>\n\n\n\n<p>Dr. Axel Bayer &amp; Marc Danneberg, Website (<a href=\"https:\/\/www.sprunginsleben.de\/?page_id=1938&amp;lang=de\">Mehr erfahren&#8230;<\/a>)<\/p>\n\n\n\n<p>Kolja Mund, Social Media (<a href=\"https:\/\/www.sprunginsleben.de\/?page_id=1939&amp;lang=de\">Mehr erfahren&#8230;<\/a>)<\/p>\n\n\n\n<p>Jakob Haerle, Amtsblatt (<a href=\"https:\/\/www.sprunginsleben.de\/?page_id=1940&amp;lang=de\">Mehr erfahren&#8230;<\/a>)<\/p>\n\n\n\n<h3>Transparenz und Finanzen<\/h3>\n\n\n\n<div class=\"wp-block-image\"><figure class=\"alignleft\"><img decoding=\"async\" loading=\"lazy\" width=\"250\" height=\"100\" src=\"https:\/\/www.sprunginsleben.de\/wp-content\/uploads\/2012\/08\/images_Transparente_Zivilgesellschaft.jpg\" alt=\"Transparente Zivilgesellschaft\" class=\"wp-image-260\"\/><\/figure><\/div>\n\n\n\n<p>Transparenz, Glaubw\u00fcrdigkeit und Verl\u00e4sslichkeit sind uns sehr wichtig. Daher halten wir uns an die Empfehlungen der Initiative Transparente Zivilgesellschaft, die von Transparency International Deutschland e.V. ins Leben gerufen wurde. Die Initiative definiert zehn grundlegende Punkte, die&nbsp;jede zivilgesellschaftliche Organisation der \u00d6ffentlichkeit zug\u00e4nglich machen sollte. <a href=\"https:\/\/www.sprunginsleben.de\/?page_id=261&amp;lang=de\">Erfahren Sie mehr.<\/a><\/p>\n\n\n\n<p>Jeder Euro z\u00e4hlt und kommt direkt bei den Kindern an: 2021 konnten 97.5 Prozent unseres Budgets an die Sch\u00fctzlinge weitergegeben werden. Unsere Verwaltungskosten liegen immer unter zwei Prozent. Eine detaillierte Aufstellung unserer Ein- und Ausgaben finden Sie in unseren Gesch\u00e4ftsberichten im <a href=\"https:\/\/www.sprunginsleben.de\/?page_id=183&amp;lang=de\">Downloadbereich<\/a>. Bei R\u00fcckfragen k\u00f6nnen Sie uns jederzeit gerne kontaktieren.<\/p>\n\n\n\n<h3>Unsere Sponsoren<\/h3>\n\n\n\n<p>Wir freuen uns \u00fcber jegliche Unterst\u00fctzung und m\u00f6chten uns sehr herzlich bei unseren bisherigen Partnern bedanken.<\/p>\n\n\n\n<p>Die&nbsp;<a href=\"http:\/\/www.karlsbad.de\/\" target=\"_blank\" rel=\"noreferrer noopener\">Gemeinde Karlsbad<\/a> erl\u00e4sst uns f\u00fcr unseren allj\u00e4hrlichen Stand auf dem Weihnachtsmarkt die Standgeb\u00fchr.<\/p>\n\n\n\n<p>Die Theatergruppe die&nbsp;<a href=\"http:\/\/www.scheinwerfer86.de\/\">Scheinwerfer<\/a>&nbsp;spielt f\u00fcr unsere Sch\u00fctzlinge immer wieder Benefiztheater im <a href=\"http:\/\/traube-spielberg.de\/\">Familien- und B\u00fcrgertreff Traube<\/a> in Spielberg. Die St\u00fccke begeistern Jung und Alt.<\/p>\n\n\n\n<p>Das&nbsp;<a href=\"http:\/\/gymnasium-karlsbad.de\/index.php\" target=\"_blank\" rel=\"noreferrer noopener\">Gymnasium Karlsbad<\/a> erm\u00f6glicht uns einen Stand auf den halbj\u00e4hrlichen Schulkonzerten und beim Schulfest.<\/p>\n\n\n\n<h3>Wie alles begann<\/h3>\n\n\n\n<p>Unsere Vereinsvorsitzende, Philippa Mund, arbeitete nach ihrem Abitur im Rahmen eines Freiwilligendienstes in Ecuador f\u00fcr die Stiftung \u201eFundacion de las Damas Voluntarias\u201c (Stiftung der Freiwilligen Damen). Bei ihrer Arbeit im Krankenhaus Baca Ortiz in Quito lernte sie Steven kennen, der in Folge eines Unfalls seinen linken Arm und sein linkes Bein verloren hatte. Philippa versprach ihm Unterst\u00fctzung f\u00fcr die Finanzierung seiner Prothesen. Zur\u00fcck in Deutschland sammelte sie in ihrem Heimatort Spielberg und Umgebung \u00fcber 6.500 Euro und finanzierte damit Stevens erste Arm- und Beinprothese.<\/p>\n\n\n\n<div class=\"wp-block-image wp-image-1548 size-large\"><figure class=\"aligncenter\"><img decoding=\"async\" loading=\"lazy\" width=\"1024\" height=\"683\" src=\"https:\/\/www.sprunginsleben.de\/wp-content\/uploads\/2018\/04\/US_20180319_242-1024x683.jpg\" alt=\"\" class=\"wp-image-1548\" srcset=\"https:\/\/www.sprunginsleben.de\/wp-content\/uploads\/2018\/04\/US_20180319_242-1024x683.jpg 1024w, https:\/\/www.sprunginsleben.de\/wp-content\/uploads\/2018\/04\/US_20180319_242-300x200.jpg 300w\" sizes=\"(max-width: 1024px) 100vw, 1024px\" \/><figcaption>Philippa und Steven: 10 Jahre sp\u00e4ter immer noch gemeinsam in Aktion<br>\u00a9Ulrike Schacht<\/figcaption><\/figure><\/div>\n\n\n\n<p>Nach dem \u00fcberw\u00e4ltigenden Erfolg der Spendenaktion kamen weitere Anfragen aus Ecuador, denn Steven ist nat\u00fcrlich kein Einzelfall. Um die k\u00fcnftigen Spendenaktionen auf eine solide Basis zu stellen, fanden sich sieben Gr\u00fcndungsmitglieder zusammen. Seit September 2009 ist <em>S<\/em>prung ins Leben \u2013 Salto hacia la vida e.V. als gemeinn\u00fctziger Verein eingetragen.<\/p>\n","protected":false},"excerpt":{"rendered":"<p>Alle Verantwortlichen und Unterst\u00fctzer*innen arbeiten ehrenamtlich. Wir freuen uns, Ihnen die K\u00f6pfe hinter Sprung ins Leben &#8211; Salto hacia la vida e.V. und die Hintergr\u00fcnde unseres Vereins hier vorzustellen. Vorstand und Verantwortliche Philippa Mund, Gr\u00fcnderin des Vereins und Vorsitzende (Mehr erfahren&#8230;) Kontakt: Philippa.Mund@sprunginsleben.de Isabel Kleitsch, stellvertretende Vorsitzende (Mehr erfahren&#8230;) Kontakt: Isabel.Kleitsch@sprunginsleben.de Patricia Pe\u00f1aherrera, SiL-Koordinatorin vor [&hellip;]<\/p>\n","protected":false},"author":6,"featured_media":2044,"parent":0,"menu_order":0,"comment_status":"closed","ping_status":"closed","template":"","meta":{"_uag_custom_page_level_css":""},"uagb_featured_image_src":{"full":["https:\/\/www.sprunginsleben.de\/wp-content\/uploads\/2021\/04\/US_20180319_271-copy-scaled-e1646647487205.jpg",1625,381,false],"thumbnail":["https:\/\/www.sprunginsleben.de\/wp-content\/uploads\/2021\/04\/US_20180319_271-copy-scaled-e1646647487205-150x150.jpg",150,150,true],"medium":["https:\/\/www.sprunginsleben.de\/wp-content\/uploads\/2021\/04\/US_20180319_271-copy-scaled-e1646647487205-300x70.jpg",300,70,true],"medium_large":["https:\/\/www.sprunginsleben.de\/wp-content\/uploads\/2021\/04\/US_20180319_271-copy-scaled-e1646647487205.jpg",1625,381,false],"large":["https:\/\/www.sprunginsleben.de\/wp-content\/uploads\/2021\/04\/US_20180319_271-copy-scaled-e1646647487205-1024x240.jpg",640,150,true],"1536x1536":["https:\/\/www.sprunginsleben.de\/wp-content\/uploads\/2021\/04\/US_20180319_271-copy-scaled-e1646647487205-1536x360.jpg",1536,360,true],"2048x2048":["https:\/\/www.sprunginsleben.de\/wp-content\/uploads\/2021\/04\/US_20180319_271-copy-scaled-e1617540141156-2048x1366.jpg",2048,1366,true],"charity-fundraiser-homepage-thumb":["https:\/\/www.sprunginsleben.de\/wp-content\/uploads\/2021\/04\/US_20180319_271-copy-scaled-e1646647487205-240x145.jpg",240,145,true]},"uagb_author_info":{"display_name":"Angus","author_link":"https:\/\/www.sprunginsleben.de\/?author=6"},"uagb_comment_info":0,"uagb_excerpt":"Alle Verantwortlichen und Unterst\u00fctzer*innen arbeiten ehrenamtlich. Wir freuen uns, Ihnen die K\u00f6pfe hinter Sprung ins Leben &#8211; Salto hacia la vida e.V. und die Hintergr\u00fcnde unseres Vereins hier vorzustellen. Vorstand und Verantwortliche Philippa Mund, Gr\u00fcnderin des Vereins und Vorsitzende (Mehr erfahren&#8230;) Kontakt: Philippa.Mund@sprunginsleben.de Isabel Kleitsch, stellvertretende Vorsitzende (Mehr erfahren...) Kontakt: Isabel.Kleitsch@sprunginsleben.de Patricia Pe\u00f1aherrera, SiL-Koordinatorin vor&hellip;","_links":{"self":[{"href":"https:\/\/www.sprunginsleben.de\/index.php?rest_route=\/wp\/v2\/pages\/2233"}],"collection":[{"href":"https:\/\/www.sprunginsleben.de\/index.php?rest_route=\/wp\/v2\/pages"}],"about":[{"href":"https:\/\/www.sprunginsleben.de\/index.php?rest_route=\/wp\/v2\/types\/page"}],"author":[{"embeddable":true,"href":"https:\/\/www.sprunginsleben.de\/index.php?rest_route=\/wp\/v2\/users\/6"}],"replies":[{"embeddable":true,"href":"https:\/\/www.sprunginsleben.de\/index.php?rest_route=%2Fwp%2Fv2%2Fcomments&post=2233"}],"version-history":[{"count":0,"href":"https:\/\/www.sprunginsleben.de\/index.php?rest_route=\/wp\/v2\/pages\/2233\/revisions"}],"wp:featuredmedia":[{"embeddable":true,"href":"https:\/\/www.sprunginsleben.de\/index.php?rest_route=\/wp\/v2\/media\/2044"}],"wp:attachment":[{"href":"https:\/\/www.sprunginsleben.de\/index.php?rest_route=%2Fwp%2Fv2%2Fmedia&parent=2233"}],"curies":[{"name":"wp","href":"https:\/\/api.w.org\/{rel}","templated":true}]}}