{"id":2309,"date":"2023-02-01T16:33:59","date_gmt":"2023-02-01T15:33:59","guid":{"rendered":"https:\/\/www.sprunginsleben.de\/?page_id=2309"},"modified":"2023-02-06T11:00:50","modified_gmt":"2023-02-06T10:00:50","slug":"wilkommen-espanol","status":"publish","type":"page","link":"https:\/\/www.sprunginsleben.de\/?page_id=2309&lang=es","title":{"rendered":"Bienvenido"},"content":{"rendered":"<style id=\"sp_pcp_dynamic_style2368\">#pcp_wrapper-2368 .sp-pcp-row{ margin-right: -10px;margin-left: -10px;}#pcp_wrapper-2368 .sp-pcp-row [class*='sp-pcp-col-']{padding-right: 10px;padding-left: 10px;padding-bottom: 20px;}.pcp-wrapper-2368 .sp-pcp-title a {color: #111;display: inherit;} .pcp-wrapper-2368 .sp-pcp-title a:hover {color: #e1624b;}#pcp_wrapper-2368 .dots .swiper-pagination-bullet{ background: #cccccc; } #pcp_wrapper-2368 .dots .swiper-pagination-bullet-active { background: #D64224; }#pcp_wrapper-2368 .pcp-button-prev,#pcp_wrapper-2368 .pcp-button-next{ background-image: none; background-size: auto; background-color: #fff; height: 33px; width: 33px; margin-top: 8px; border: 1px solid #aaa; text-align: center; line-height: 30px; -webkit-transition: 0.3s; }#pcp_wrapper-2368 .pcp-button-prev:hover, #pcp_wrapper-2368 .pcp-button-next:hover{ background-color: #D64224; border-color: #D64224; } #pcp_wrapper-2368 .pcp-button-prev .fa, #pcp_wrapper-2368 .pcp-button-next .fa { color: #aaa; } #pcp_wrapper-2368 .pcp-button-prev:hover .fa, #pcp_wrapper-2368 .pcp-button-next:hover .fa { color: #fff; } #pcp_wrapper-2368.pcp-carousel-wrapper .sp-pcp-post{ margin-top: 0; }#pcp_wrapper-2368 .sp-pcp-post {padding: 0 0 0 0;}#pcp_wrapper-2368 .sp-pcp-post {border: 0px solid #e2e2e2;}#pcp_wrapper-2368 .sp-pcp-post {border-radius: 0px;}#pcp_wrapper-2368 .sp-pcp-post{background-color: transparent;}.pcp-wrapper-2368 .sp-pcp-post-meta li,.pcp-wrapper-2368 .sp-pcp-post-meta ul,.pcp-wrapper-2368 .sp-pcp-post-meta li a{color: #888;}.pcp-wrapper-2368 .sp-pcp-post-meta li a:hover{color: #e1624b;}#pcp_wrapper-2368 .pcp-readmore-link{ background: transparent; color: #111; border-color: #888; } #pcp_wrapper-2368 .pcp-readmore-link:hover { background: #e1624b; color: #fff; border-color: #e1624b; }#pcp_wrapper-2368 .pcp-post-pagination .page-numbers.current, #pcp_wrapper-2368 .pcp-post-pagination a.active , #pcp_wrapper-2368 .pcp-post-pagination a:hover{ color: #ffffff; background: #e1624b; border-color: #e1624b; }#pcp_wrapper-2368 .pcp-post-pagination .page-numbers, .pcp-post-pagination a{ background: #ffffff; color:#5e5e5e; border-color: #bbbbbb; }<\/style><!-- Markup Starts -->\n<div id=\"pcp_wrapper-2368\" class=\"sp-pcp-section sp-pcp-container pcp-wrapper-2368 pcp-carousel-wrapper standard\" data-sid=\"2368\">\n\t<div id=\"sp-pcp-id-2368\" class=\"swiper-container sp-pcp-carousel top_right\" dir=\"ltr\" data-carousel='{ \"speed\":600, \"items\":2, \"spaceBetween\":20, \"navigation\":true, \"pagination\": true, \"autoplay\": true, \"autoplay_speed\": 2000, \"loop\": true, \"autoHeight\": false, \"lazy\":  true, \"simulateTouch\": true, \"freeMode\": false, \"slider_mouse_wheel\": false,\"allowTouchMove\": true, \"slidesPerView\": {\"lg_desktop\": 2, \"desktop\": 2, \"tablet\": 2, \"mobile_landscape\": 2, \"mobile\": 1}, \"navigation_mobile\": true, \"pagination_mobile\": true, \"stop_onHover\": true, \"enabled\": true, \"prevSlideMessage\": \"Previous slide\", \"nextSlideMessage\": \"Next slide\", \"firstSlideMessage\": \"This is the first slide\", \"lastSlideMessage\": \"This is the last slide\", \"paginationBulletMessage\": \"Go to slide {{index}}\" }'>\n\t\t\t<div class=\"swiper-wrapper\">\n\t\t\t\t\t\t<div class=\" swiper-slide swiper-lazy\">\n\t\t\t<div class=\"sp-pcp-post pcp-item-2311\" data-id=\"2311\">\n\t\t\t\t\t\t\t\t<div class=\"pcp-post-thumb-wrapper\">\n\t\t\t\t\t<div class=\"sp-pcp-post-thumb-area\">\n\t\t\t\t\t\t\t\t\t\t\t\t<a class=\"sp-pcp-thumb\" href=\"https:\/\/www.sprunginsleben.de\/?page_id=2311&#038;lang=es\" target=\"_self\" >\n\t\t\t\t\t\t\t\t\t\t\t\t\t<img src=\"https:\/\/www.sprunginsleben.de\/wp-content\/uploads\/2018\/04\/US_20180319_255-1-e1617477640779.jpg\" width=\"1024\" height=\"400\" alt=\"\">\n\t\t\t\t\t\t<\/a>\n\t\t\t\t\t<\/div>\n\t\t\t\t<\/div>\n\t\t\t\t\t\t\t<h2 class=\"sp-pcp-title\">\n\t\t\t\t\t\t\t\t\t<a href=\"https:\/\/www.sprunginsleben.de\/?page_id=2311&#038;lang=es\"  target=\"_self\">Una asociaci\u00f3n para ni\u00f1os con discapacidad f\u00edsica en Ecuador<\/a>\t\t\t\t\t\t\t<\/h2>\n\t\t\t\t\t\t<div class=\"sp-pcp-post-content\">\n\t\t\t\t\t<div class=\"sp-pcp-readmore\">\n\t\t\t\t\t\t\t<a class=\"pcp-readmore-link\" target=\"_self\" href=\"https:\/\/www.sprunginsleben.de\/?page_id=2311&#038;lang=es\" >\n\t\t\t\t\t\tLeer mas <\/a>\n\t\t<\/div>\n\t\t\t\t\t<\/div>\n\t\t\t\t\t\t<\/div>\n\t\t<\/div>\n\t\t\t\t<div class=\" swiper-slide swiper-lazy\">\n\t\t\t<div class=\"sp-pcp-post pcp-item-2313\" data-id=\"2313\">\n\t\t\t\t\t\t\t\t<div class=\"pcp-post-thumb-wrapper\">\n\t\t\t\t\t<div class=\"sp-pcp-post-thumb-area\">\n\t\t\t\t\t\t\t\t\t\t\t\t<a class=\"sp-pcp-thumb\" href=\"https:\/\/www.sprunginsleben.de\/?page_id=2313&#038;lang=es\" target=\"_self\" >\n\t\t\t\t\t\t\t\t\t\t\t\t\t<img src=\"https:\/\/www.sprunginsleben.de\/wp-content\/uploads\/2021\/04\/US_20180316_040-copy-scaled-e1617545753148.jpg\" width=\"1025\" height=\"400\" alt=\"\">\n\t\t\t\t\t\t<\/a>\n\t\t\t\t\t<\/div>\n\t\t\t\t<\/div>\n\t\t\t\t\t\t\t<h2 class=\"sp-pcp-title\">\n\t\t\t\t\t\t\t\t\t<a href=\"https:\/\/www.sprunginsleben.de\/?page_id=2313&#038;lang=es\"  target=\"_self\">Nuestros beneficiarios<\/a>\t\t\t\t\t\t\t<\/h2>\n\t\t\t\t\t\t<div class=\"sp-pcp-post-content\">\n\t\t\t\t\t<div class=\"sp-pcp-readmore\">\n\t\t\t\t\t\t\t<a class=\"pcp-readmore-link\" target=\"_self\" href=\"https:\/\/www.sprunginsleben.de\/?page_id=2313&#038;lang=es\" >\n\t\t\t\t\t\tLeer mas <\/a>\n\t\t<\/div>\n\t\t\t\t\t<\/div>\n\t\t\t\t\t\t<\/div>\n\t\t<\/div>\n\t\t\t\t<div class=\" swiper-slide swiper-lazy\">\n\t\t\t<div class=\"sp-pcp-post pcp-item-2334\" data-id=\"2334\">\n\t\t\t\t\t\t\t\t<div class=\"pcp-post-thumb-wrapper\">\n\t\t\t\t\t<div class=\"sp-pcp-post-thumb-area\">\n\t\t\t\t\t\t\t\t\t\t\t\t<a class=\"sp-pcp-thumb\" href=\"https:\/\/www.sprunginsleben.de\/?page_id=2334&#038;lang=es\" target=\"_self\" >\n\t\t\t\t\t\t\t\t\t\t\t\t\t<img src=\"https:\/\/www.sprunginsleben.de\/wp-content\/uploads\/2017\/05\/Cocktailstand2017-e1617477162890.jpg\" width=\"1024\" height=\"399\" alt=\"\">\n\t\t\t\t\t\t<\/a>\n\t\t\t\t\t<\/div>\n\t\t\t\t<\/div>\n\t\t\t\t\t\t\t<h2 class=\"sp-pcp-title\">\n\t\t\t\t\t\t\t\t\t<a href=\"https:\/\/www.sprunginsleben.de\/?page_id=2334&#038;lang=es\"  target=\"_self\">Actuar<\/a>\t\t\t\t\t\t\t<\/h2>\n\t\t\t\t\t\t<div class=\"sp-pcp-post-content\">\n\t\t\t\t\t<div class=\"sp-pcp-readmore\">\n\t\t\t\t\t\t\t<a class=\"pcp-readmore-link\" target=\"_self\" href=\"https:\/\/www.sprunginsleben.de\/?page_id=2334&#038;lang=es\" >\n\t\t\t\t\t\tLeer mas <\/a>\n\t\t<\/div>\n\t\t\t\t\t<\/div>\n\t\t\t\t\t\t<\/div>\n\t\t<\/div>\n\t\t\t\t\t<\/div>\n\t\t\t\t\t\t<div class=\"pcp-pagination swiper-pagination dots\"><\/div>\n\t\t\t\t\t\t\t\t\t\t<div class=\"pcp-button-next swiper-button-next top_right\"><i class=\"fa fa-angle-right\"><\/i><\/div>\n\t\t\t\t<div class=\"pcp-button-prev swiper-button-prev top_right\"><i class=\"fa fa-angle-left\"><\/i><\/div>\t<\/div>\n<\/div>\n\n","protected":false},"excerpt":{"rendered":"","protected":false},"author":6,"featured_media":2374,"parent":0,"menu_order":0,"comment_status":"closed","ping_status":"closed","template":"","meta":{"_uag_custom_page_level_css":""},"uagb_featured_image_src":{"full":["https:\/\/www.sprunginsleben.de\/wp-content\/uploads\/2023\/02\/US_20180319_255-1-e1617477640779.jpg",1024,400,false],"thumbnail":["https:\/\/www.sprunginsleben.de\/wp-content\/uploads\/2023\/02\/US_20180319_255-1-e1617477640779-150x150.jpg",150,150,true],"medium":["https:\/\/www.sprunginsleben.de\/wp-content\/uploads\/2023\/02\/US_20180319_255-1-e1617477640779-300x117.jpg",300,117,true],"medium_large":["https:\/\/www.sprunginsleben.de\/wp-content\/uploads\/2023\/02\/US_20180319_255-1-e1617477640779.jpg",1024,400,false],"large":["https:\/\/www.sprunginsleben.de\/wp-content\/uploads\/2023\/02\/US_20180319_255-1-e1617477640779.jpg",640,250,false],"1536x1536":["https:\/\/www.sprunginsleben.de\/wp-content\/uploads\/2023\/02\/US_20180319_255-1-e1617477640779.jpg",1024,400,false],"2048x2048":["https:\/\/www.sprunginsleben.de\/wp-content\/uploads\/2023\/02\/US_20180319_255-1-e1617477640779.jpg",1024,400,false],"charity-fundraiser-homepage-thumb":["https:\/\/www.sprunginsleben.de\/wp-content\/uploads\/2023\/02\/US_20180319_255-1-e1617477640779-240x145.jpg",240,145,true]},"uagb_author_info":{"display_name":"Angus","author_link":"https:\/\/www.sprunginsleben.de\/?author=6"},"uagb_comment_info":0,"uagb_excerpt":null,"_links":{"self":[{"href":"https:\/\/www.sprunginsleben.de\/index.php?rest_route=\/wp\/v2\/pages\/2309"}],"collection":[{"href":"https:\/\/www.sprunginsleben.de\/index.php?rest_route=\/wp\/v2\/pages"}],"about":[{"href":"https:\/\/www.sprunginsleben.de\/index.php?rest_route=\/wp\/v2\/types\/page"}],"author":[{"embeddable":true,"href":"https:\/\/www.sprunginsleben.de\/index.php?rest_route=\/wp\/v2\/users\/6"}],"replies":[{"embeddable":true,"href":"https:\/\/www.sprunginsleben.de\/index.php?rest_route=%2Fwp%2Fv2%2Fcomments&post=2309"}],"version-history":[{"count":0,"href":"https:\/\/www.sprunginsleben.de\/index.php?rest_route=\/wp\/v2\/pages\/2309\/revisions"}],"wp:featuredmedia":[{"embeddable":true,"href":"https:\/\/www.sprunginsleben.de\/index.php?rest_route=\/wp\/v2\/media\/2374"}],"wp:attachment":[{"href":"https:\/\/www.sprunginsleben.de\/index.php?rest_route=%2Fwp%2Fv2%2Fmedia&parent=2309"}],"curies":[{"name":"wp","href":"https:\/\/api.w.org\/{rel}","templated":true}]}}