{"id":2313,"date":"2023-02-01T16:51:44","date_gmt":"2023-02-01T15:51:44","guid":{"rendered":"https:\/\/www.sprunginsleben.de\/?page_id=2313"},"modified":"2023-02-02T18:08:06","modified_gmt":"2023-02-02T17:08:06","slug":"nuestros-beneficiarios","status":"publish","type":"page","link":"https:\/\/www.sprunginsleben.de\/?page_id=2313&lang=es","title":{"rendered":"Nuestros beneficiarios"},"content":{"rendered":"\n<p>Hasta la fecha, hemos admitido un total de 69 ni\u00f1os en el programa de pr\u00f3tesis. Actualmente apoyamos activamente a 48 ni\u00f1os. Damos gran importancia a la ayuda sostenible: no s\u00f3lo financiamos pr\u00f3tesis y \u00f3rtesis individuales, sino que acompa\u00f1amos a los ni\u00f1os hasta su edad adulta. Financiamos todos los ajustes de talla y la atenci\u00f3n psicol\u00f3gica y fisioterap\u00e9utica de los ni\u00f1os.<\/p>\n\n\n\n<p>Nos gustar\u00eda presentarles aqu\u00ed a algunos de nuestros beneficiarios.<\/p>\n\n\n\n<style id=\"sp_pcp_dynamic_style2320\">#pcp_wrapper-2320 .sp-pcp-row{ margin-right: -10px;margin-left: -10px;}#pcp_wrapper-2320 .sp-pcp-row [class*='sp-pcp-col-']{padding-right: 10px;padding-left: 10px;padding-bottom: 20px;}.pcp-wrapper-2320 .sp-pcp-title a {color: #111;display: inherit;} .pcp-wrapper-2320 .sp-pcp-title a:hover {color: #e1624b;}.pcp-wrapper-2320 .sp-pcp-post-content{color: #444; }#pcp_wrapper-2320 .dots .swiper-pagination-bullet{ background: #cccccc; } #pcp_wrapper-2320 .dots .swiper-pagination-bullet-active { background: #D64224; }#pcp_wrapper-2320 .pcp-button-prev,#pcp_wrapper-2320 .pcp-button-next{ background-image: none; background-size: auto; background-color: #fff; height: 33px; width: 33px; margin-top: 8px; border: 1px solid #aaa; text-align: center; line-height: 30px; -webkit-transition: 0.3s; }#pcp_wrapper-2320 .pcp-button-prev:hover, #pcp_wrapper-2320 .pcp-button-next:hover{ background-color: #D64224; border-color: #D64224; } #pcp_wrapper-2320 .pcp-button-prev .fa, #pcp_wrapper-2320 .pcp-button-next .fa { color: #aaa; } #pcp_wrapper-2320 .pcp-button-prev:hover .fa, #pcp_wrapper-2320 .pcp-button-next:hover .fa { color: #fff; } #pcp_wrapper-2320.pcp-carousel-wrapper .sp-pcp-post{ margin-top: 0; }#pcp_wrapper-2320 .sp-pcp-post {padding: 0 0 0 0;}#pcp_wrapper-2320 .sp-pcp-post {border: 0px solid #e2e2e2;}#pcp_wrapper-2320 .sp-pcp-post {border-radius: 0px;}#pcp_wrapper-2320 .sp-pcp-post{background-color: transparent;}.pcp-wrapper-2320 .sp-pcp-post-meta li,.pcp-wrapper-2320 .sp-pcp-post-meta ul,.pcp-wrapper-2320 .sp-pcp-post-meta li a{color: #888;}.pcp-wrapper-2320 .sp-pcp-post-meta li a:hover{color: #e1624b;}#pcp_wrapper-2320 .pcp-readmore-link{ background: transparent; color: #111; border-color: #888; } #pcp_wrapper-2320 .pcp-readmore-link:hover { background: #e1624b; color: #fff; border-color: #e1624b; }#pcp_wrapper-2320 .pcp-post-pagination .page-numbers.current, #pcp_wrapper-2320 .pcp-post-pagination a.active , #pcp_wrapper-2320 .pcp-post-pagination a:hover{ color: #ffffff; background: #e1624b; border-color: #e1624b; }#pcp_wrapper-2320 .pcp-post-pagination .page-numbers, .pcp-post-pagination a{ background: #ffffff; color:#5e5e5e; border-color: #bbbbbb; }<\/style><!-- Markup Starts -->\n<div id=\"pcp_wrapper-2320\" class=\"sp-pcp-section sp-pcp-container pcp-wrapper-2320 pcp-carousel-wrapper standard\" data-sid=\"2320\">\n\t<div id=\"sp-pcp-id-2320\" class=\"swiper-container sp-pcp-carousel top_right\" dir=\"ltr\" data-carousel='{ \"speed\":600, \"items\":4, \"spaceBetween\":20, \"navigation\":true, \"pagination\": true, \"autoplay\": true, \"autoplay_speed\": 2000, \"loop\": true, \"autoHeight\": false, \"lazy\":  true, \"simulateTouch\": true, \"freeMode\": false, \"slider_mouse_wheel\": false,\"allowTouchMove\": true, \"slidesPerView\": {\"lg_desktop\": 4, \"desktop\": 4, \"tablet\": 3, \"mobile_landscape\": 2, \"mobile\": 1}, \"navigation_mobile\": true, \"pagination_mobile\": true, \"stop_onHover\": true, \"enabled\": true, \"prevSlideMessage\": \"Previous slide\", \"nextSlideMessage\": \"Next slide\", \"firstSlideMessage\": \"This is the first slide\", \"lastSlideMessage\": \"This is the last slide\", \"paginationBulletMessage\": \"Go to slide {{index}}\" }'>\n\t\t\t<div class=\"swiper-wrapper\">\n\t\t\t\t\t\t<div class=\" swiper-slide swiper-lazy\">\n\t\t\t<div class=\"sp-pcp-post pcp-item-2323\" data-id=\"2323\">\n\t\t\t\t\t\t\t\t<div class=\"pcp-post-thumb-wrapper\">\n\t\t\t\t\t<div class=\"sp-pcp-post-thumb-area\">\n\t\t\t\t\t\t\t\t\t\t\t\t<a class=\"sp-pcp-thumb\" href=\"https:\/\/www.sprunginsleben.de\/?p=2323&#038;lang=es\" target=\"_self\" >\n\t\t\t\t\t\t\t\t\t\t\t\t\t<img src=\"https:\/\/www.sprunginsleben.de\/wp-content\/uploads\/2019\/10\/1910-Julian-Villamarin-mit-Prothese-e1582368811188.jpg\" width=\"652\" height=\"905\" alt=\"\">\n\t\t\t\t\t\t<\/a>\n\t\t\t\t\t<\/div>\n\t\t\t\t<\/div>\n\t\t\t\t\t\t\t<h2 class=\"sp-pcp-title\">\n\t\t\t\t\t\t\t\t\t<a href=\"https:\/\/www.sprunginsleben.de\/?p=2323&#038;lang=es\"  target=\"_self\">Juli\u00e1n Villamar\u00edn<\/a>\t\t\t\t\t\t\t<\/h2>\n\t\t\t\t\t\t<div class=\"sp-pcp-post-meta\">\n\t\t\t<ul><li>\t\t\t\t\t<i class=\"fa fa-user\"><\/i>\n\t\t\t\t\t<a href=\"https:\/\/www.sprunginsleben.de\/?author=6\"\n\t\t\t\t\t\trel=\"author\">Angus<\/a>\n\t\t\t\t\t<\/li> <li>\t\t\t\t\t<i class=\"fa fa-calendar\"><\/i>\n\t\t\t\t\t<time class=\"entry-date published updated\">February 2, 2023<\/time>\n\t\t\t\t\t<\/li><\/ul>\t\t<\/div>\n\t\t\t\t\t<div class=\"sp-pcp-post-content\">\n\t\t\t<p>Juli\u00e1n naci\u00f3 en marzo de 2011. En 2018, los padres de Juli\u00e1n notaron que cojeaba. Se le diagnostic\u00f3 un tumor \u00f3seo y fue operado. Durante la operaci\u00f3n, qued\u00f3 claro que habr\u00eda que amputarle la pierna. Antes y despu\u00e9s de la operaci\u00f3n fue tratado diez veces con quimioterapia. La \u00faltima terapia tuvo lugar en abril de [&hellip;]<\/p>\n\t\t<div class=\"sp-pcp-readmore\">\n\t\t\t\t\t\t\t<a class=\"pcp-readmore-link\" target=\"_self\" href=\"https:\/\/www.sprunginsleben.de\/?p=2323&#038;lang=es\" >\n\t\t\t\t\t\tRead More <\/a>\n\t\t<\/div>\n\t\t\t\t\t<\/div>\n\t\t\t\t\t\t<\/div>\n\t\t<\/div>\n\t\t\t\t<div class=\" swiper-slide swiper-lazy\">\n\t\t\t<div class=\"sp-pcp-post pcp-item-2316\" data-id=\"2316\">\n\t\t\t\t\t\t\t\t<div class=\"pcp-post-thumb-wrapper\">\n\t\t\t\t\t<div class=\"sp-pcp-post-thumb-area\">\n\t\t\t\t\t\t\t\t\t\t\t\t<a class=\"sp-pcp-thumb\" href=\"https:\/\/www.sprunginsleben.de\/?p=2316&#038;lang=es\" target=\"_self\" >\n\t\t\t\t\t\t\t\t\t\t\t\t\t<img src=\"https:\/\/www.sprunginsleben.de\/wp-content\/uploads\/2022\/03\/Maybelin_1-scaled.jpg\" width=\"2560\" height=\"1919\" alt=\"\">\n\t\t\t\t\t\t<\/a>\n\t\t\t\t\t<\/div>\n\t\t\t\t<\/div>\n\t\t\t\t\t\t\t<h2 class=\"sp-pcp-title\">\n\t\t\t\t\t\t\t\t\t<a href=\"https:\/\/www.sprunginsleben.de\/?p=2316&#038;lang=es\"  target=\"_self\">Maybelin Portilla<\/a>\t\t\t\t\t\t\t<\/h2>\n\t\t\t\t\t\t<div class=\"sp-pcp-post-meta\">\n\t\t\t<ul><li>\t\t\t\t\t<i class=\"fa fa-user\"><\/i>\n\t\t\t\t\t<a href=\"https:\/\/www.sprunginsleben.de\/?author=6\"\n\t\t\t\t\t\trel=\"author\">Angus<\/a>\n\t\t\t\t\t<\/li> <li>\t\t\t\t\t<i class=\"fa fa-calendar\"><\/i>\n\t\t\t\t\t<time class=\"entry-date published updated\">February 1, 2023<\/time>\n\t\t\t\t\t<\/li><\/ul>\t\t<\/div>\n\t\t\t\t\t<div class=\"sp-pcp-post-content\">\n\t\t\t<p>Maybelin Portilla, nacida el 15.09.2006, vive en Cotacachi, provincia de Imbabura. Hace unos a\u00f1os, a Maybelin le diagnosticaron un tumor \u00f3seo. Por desgracia, la quimioterapia y la radioterapia no fueron suficientes y a Maybelin le tuvieron que amputar la pierna en enero de 2017. Desde entonces ha estado fortaleciendo su otra pierna mediante fisioterapia y [&hellip;]<\/p>\n\t\t<div class=\"sp-pcp-readmore\">\n\t\t\t\t\t\t\t<a class=\"pcp-readmore-link\" target=\"_self\" href=\"https:\/\/www.sprunginsleben.de\/?p=2316&#038;lang=es\" >\n\t\t\t\t\t\tRead More <\/a>\n\t\t<\/div>\n\t\t\t\t\t<\/div>\n\t\t\t\t\t\t<\/div>\n\t\t<\/div>\n\t\t\t\t<div class=\" swiper-slide swiper-lazy\">\n\t\t\t<div class=\"sp-pcp-post pcp-item-236\" data-id=\"236\">\n\t\t\t\t\t\t\t\t<div class=\"pcp-post-thumb-wrapper\">\n\t\t\t\t\t<div class=\"sp-pcp-post-thumb-area\">\n\t\t\t\t\t\t\t\t\t\t\t\t<a class=\"sp-pcp-thumb\" href=\"https:\/\/www.sprunginsleben.de\/?p=236&#038;lang=es\" target=\"_self\" >\n\t\t\t\t\t\t\t\t\t\t\t\t\t<img src=\"https:\/\/www.sprunginsleben.de\/wp-content\/uploads\/2012\/08\/Samantha_mit-Prothese-1.jpg\" width=\"738\" height=\"1178\" alt=\"\">\n\t\t\t\t\t\t<\/a>\n\t\t\t\t\t<\/div>\n\t\t\t\t<\/div>\n\t\t\t\t\t\t\t<h2 class=\"sp-pcp-title\">\n\t\t\t\t\t\t\t\t\t<a href=\"https:\/\/www.sprunginsleben.de\/?p=236&#038;lang=es\"  target=\"_self\">Samanta Chicaiza<\/a>\t\t\t\t\t\t\t<\/h2>\n\t\t\t\t\t\t<div class=\"sp-pcp-post-meta\">\n\t\t\t<ul><li>\t\t\t\t\t<i class=\"fa fa-user\"><\/i>\n\t\t\t\t\t<a href=\"https:\/\/www.sprunginsleben.de\/?author=1\"\n\t\t\t\t\t\trel=\"author\">bartberger<\/a>\n\t\t\t\t\t<\/li> <li>\t\t\t\t\t<i class=\"fa fa-calendar\"><\/i>\n\t\t\t\t\t<time class=\"entry-date published updated\">August 14, 2012<\/time>\n\t\t\t\t\t<\/li><\/ul>\t\t<\/div>\n\t\t\t\t\t<div class=\"sp-pcp-post-content\">\n\t\t\t<p>Samanta Chicaiza naci\u00f3 sin su antebrazo izquierdo. Su abuela, Carmen Lozano, nos escribi\u00f3 una carta (Leer la carta de Carmen Lozano) pidiendo nuestro apoyo. Hab\u00edamos decidido ayudar a Samanta, pero en marzo de 2012 nos enteramos de que ya hab\u00eda recibido una pr\u00f3tesis de la Cruz Roja, cosa que la madre de Samanta no nos [&hellip;]<\/p>\n\t\t<div class=\"sp-pcp-readmore\">\n\t\t\t\t\t\t\t<a class=\"pcp-readmore-link\" target=\"_self\" href=\"https:\/\/www.sprunginsleben.de\/?p=236&#038;lang=es\" >\n\t\t\t\t\t\tRead More <\/a>\n\t\t<\/div>\n\t\t\t\t\t<\/div>\n\t\t\t\t\t\t<\/div>\n\t\t<\/div>\n\t\t\t\t<div class=\" swiper-slide swiper-lazy\">\n\t\t\t<div class=\"sp-pcp-post pcp-item-235\" data-id=\"235\">\n\t\t\t\t\t\t\t\t<div class=\"pcp-post-thumb-wrapper\">\n\t\t\t\t\t<div class=\"sp-pcp-post-thumb-area\">\n\t\t\t\t\t\t\t\t\t\t\t\t<a class=\"sp-pcp-thumb\" href=\"https:\/\/www.sprunginsleben.de\/?p=235&#038;lang=es\" target=\"_self\" >\n\t\t\t\t\t\t\t\t\t\t\t\t\t<img src=\"https:\/\/www.sprunginsleben.de\/wp-content\/uploads\/2012\/08\/Joel_1-scaled.jpg\" width=\"2560\" height=\"1923\" alt=\"\">\n\t\t\t\t\t\t<\/a>\n\t\t\t\t\t<\/div>\n\t\t\t\t<\/div>\n\t\t\t\t\t\t\t<h2 class=\"sp-pcp-title\">\n\t\t\t\t\t\t\t\t\t<a href=\"https:\/\/www.sprunginsleben.de\/?p=235&#038;lang=es\"  target=\"_self\">Joel Manobanda<\/a>\t\t\t\t\t\t\t<\/h2>\n\t\t\t\t\t\t<div class=\"sp-pcp-post-meta\">\n\t\t\t<ul><li>\t\t\t\t\t<i class=\"fa fa-user\"><\/i>\n\t\t\t\t\t<a href=\"https:\/\/www.sprunginsleben.de\/?author=1\"\n\t\t\t\t\t\trel=\"author\">bartberger<\/a>\n\t\t\t\t\t<\/li> <li>\t\t\t\t\t<i class=\"fa fa-calendar\"><\/i>\n\t\t\t\t\t<time class=\"entry-date published updated\">August 14, 2012<\/time>\n\t\t\t\t\t<\/li><\/ul>\t\t<\/div>\n\t\t\t\t\t<div class=\"sp-pcp-post-content\">\n\t\t\t<p>Joel tiene cinco a\u00f1os. Su familia es ind\u00edgena y vive en Guaranda (a 1,5 horas de Riobamba). Joel sufri\u00f3 un accidente de coche en febrero de 2011 en camino al colegio con sus dos amigos. Sus compa\u00f1eros de escuela afortunadamente s\u00f3lo sufrieron un buen susto, pero la pierna de Joel qued\u00f3 bajo el neum\u00e1tico del [&hellip;]<\/p>\n\t\t<div class=\"sp-pcp-readmore\">\n\t\t\t\t\t\t\t<a class=\"pcp-readmore-link\" target=\"_self\" href=\"https:\/\/www.sprunginsleben.de\/?p=235&#038;lang=es\" >\n\t\t\t\t\t\tRead More <\/a>\n\t\t<\/div>\n\t\t\t\t\t<\/div>\n\t\t\t\t\t\t<\/div>\n\t\t<\/div>\n\t\t\t\t<div class=\" swiper-slide swiper-lazy\">\n\t\t\t<div class=\"sp-pcp-post pcp-item-229\" data-id=\"229\">\n\t\t\t\t\t\t\t\t<div class=\"pcp-post-thumb-wrapper\">\n\t\t\t\t\t<div class=\"sp-pcp-post-thumb-area\">\n\t\t\t\t\t\t\t\t\t\t\t\t<a class=\"sp-pcp-thumb\" href=\"https:\/\/www.sprunginsleben.de\/?p=229&#038;lang=es\" target=\"_self\" >\n\t\t\t\t\t\t\t\t\t\t\t\t\t<img src=\"https:\/\/www.sprunginsleben.de\/wp-content\/uploads\/2012\/08\/steven-e1524594397790.jpg\" width=\"585\" height=\"633\" alt=\"\">\n\t\t\t\t\t\t<\/a>\n\t\t\t\t\t<\/div>\n\t\t\t\t<\/div>\n\t\t\t\t\t\t\t<h2 class=\"sp-pcp-title\">\n\t\t\t\t\t\t\t\t\t<a href=\"https:\/\/www.sprunginsleben.de\/?p=229&#038;lang=es\"  target=\"_self\">Steven Carrasco<\/a>\t\t\t\t\t\t\t<\/h2>\n\t\t\t\t\t\t<div class=\"sp-pcp-post-meta\">\n\t\t\t<ul><li>\t\t\t\t\t<i class=\"fa fa-user\"><\/i>\n\t\t\t\t\t<a href=\"https:\/\/www.sprunginsleben.de\/?author=1\"\n\t\t\t\t\t\trel=\"author\">bartberger<\/a>\n\t\t\t\t\t<\/li> <li>\t\t\t\t\t<i class=\"fa fa-calendar\"><\/i>\n\t\t\t\t\t<time class=\"entry-date published updated\">August 14, 2012<\/time>\n\t\t\t\t\t<\/li><\/ul>\t\t<\/div>\n\t\t\t\t\t<div class=\"sp-pcp-post-content\">\n\t\t\t<p>Steven es natural de Ambato, una ciudad a unos 200 km al sur de Quito. Ten\u00eda 12 a\u00f1os cuando sufri\u00f3 una descarga el\u00e9ctrica al entrar en contacto con el tendido el\u00e9ctrico instalado sobre el fregadero de la caba\u00f1a de su familia. Esto le caus\u00f3 quemaduras por todo el cuerpo y estuvo en la sala de [&hellip;]<\/p>\n\t\t<div class=\"sp-pcp-readmore\">\n\t\t\t\t\t\t\t<a class=\"pcp-readmore-link\" target=\"_self\" href=\"https:\/\/www.sprunginsleben.de\/?p=229&#038;lang=es\" >\n\t\t\t\t\t\tRead More <\/a>\n\t\t<\/div>\n\t\t\t\t\t<\/div>\n\t\t\t\t\t\t<\/div>\n\t\t<\/div>\n\t\t\t\t\t<\/div>\n\t\t\t\t\t\t<div class=\"pcp-pagination swiper-pagination dots\"><\/div>\n\t\t\t\t\t\t\t\t\t\t<div class=\"pcp-button-next swiper-button-next top_right\"><i class=\"fa fa-angle-right\"><\/i><\/div>\n\t\t\t\t<div class=\"pcp-button-prev swiper-button-prev top_right\"><i class=\"fa fa-angle-left\"><\/i><\/div>\t<\/div>\n<\/div>\n\n\n\n\n<p>Todos los dem\u00e1s protegidos se pueden encontrar <a href=\"http:\/\/sprunginsleben.de\/?cat=16&amp;lang=es\">aqu\u00ed<\/a>.<\/p>\n\n\n\n<p><\/p>\n","protected":false},"excerpt":{"rendered":"<p>Hasta la fecha, hemos admitido un total de 69 ni\u00f1os en el programa de pr\u00f3tesis. Actualmente apoyamos activamente a 48 ni\u00f1os. Damos gran importancia a la ayuda sostenible: no s\u00f3lo financiamos pr\u00f3tesis y \u00f3rtesis individuales, sino que acompa\u00f1amos a los ni\u00f1os hasta su edad adulta. Financiamos todos los ajustes de talla y la atenci\u00f3n psicol\u00f3gica [&hellip;]<\/p>\n","protected":false},"author":6,"featured_media":2039,"parent":0,"menu_order":0,"comment_status":"closed","ping_status":"closed","template":"","meta":{"_uag_custom_page_level_css":""},"uagb_featured_image_src":{"full":["https:\/\/www.sprunginsleben.de\/wp-content\/uploads\/2021\/04\/US_20180316_040-copy-scaled-e1617545753148.jpg",1025,400,false],"thumbnail":["https:\/\/www.sprunginsleben.de\/wp-content\/uploads\/2021\/04\/US_20180316_040-copy-scaled-e1617545738181-150x150.jpg",150,150,true],"medium":["https:\/\/www.sprunginsleben.de\/wp-content\/uploads\/2021\/04\/US_20180316_040-copy-scaled-e1617545738181-300x117.jpg",300,117,true],"medium_large":["https:\/\/www.sprunginsleben.de\/wp-content\/uploads\/2021\/04\/US_20180316_040-copy-scaled-e1617545753148.jpg",1025,400,false],"large":["https:\/\/www.sprunginsleben.de\/wp-content\/uploads\/2021\/04\/US_20180316_040-copy-scaled-e1617545738181-1024x400.jpg",640,250,true],"1536x1536":["https:\/\/www.sprunginsleben.de\/wp-content\/uploads\/2021\/04\/US_20180316_040-copy-scaled-e1617545738181-1536x599.jpg",1536,599,true],"2048x2048":["https:\/\/www.sprunginsleben.de\/wp-content\/uploads\/2021\/04\/US_20180316_040-copy-scaled-e1617538957153-2048x688.jpg",2048,688,true],"charity-fundraiser-homepage-thumb":["https:\/\/www.sprunginsleben.de\/wp-content\/uploads\/2021\/04\/US_20180316_040-copy-scaled-e1617545738181-240x145.jpg",240,145,true]},"uagb_author_info":{"display_name":"Angus","author_link":"https:\/\/www.sprunginsleben.de\/?author=6"},"uagb_comment_info":0,"uagb_excerpt":"Hasta la fecha, hemos admitido un total de 69 ni\u00f1os en el programa de pr\u00f3tesis. Actualmente apoyamos activamente a 48 ni\u00f1os. Damos gran importancia a la ayuda sostenible: no s\u00f3lo financiamos pr\u00f3tesis y \u00f3rtesis individuales, sino que acompa\u00f1amos a los ni\u00f1os hasta su edad adulta. Financiamos todos los ajustes de talla y la atenci\u00f3n psicol\u00f3gica&hellip;","_links":{"self":[{"href":"https:\/\/www.sprunginsleben.de\/index.php?rest_route=\/wp\/v2\/pages\/2313"}],"collection":[{"href":"https:\/\/www.sprunginsleben.de\/index.php?rest_route=\/wp\/v2\/pages"}],"about":[{"href":"https:\/\/www.sprunginsleben.de\/index.php?rest_route=\/wp\/v2\/types\/page"}],"author":[{"embeddable":true,"href":"https:\/\/www.sprunginsleben.de\/index.php?rest_route=\/wp\/v2\/users\/6"}],"replies":[{"embeddable":true,"href":"https:\/\/www.sprunginsleben.de\/index.php?rest_route=%2Fwp%2Fv2%2Fcomments&post=2313"}],"version-history":[{"count":0,"href":"https:\/\/www.sprunginsleben.de\/index.php?rest_route=\/wp\/v2\/pages\/2313\/revisions"}],"wp:featuredmedia":[{"embeddable":true,"href":"https:\/\/www.sprunginsleben.de\/index.php?rest_route=\/wp\/v2\/media\/2039"}],"wp:attachment":[{"href":"https:\/\/www.sprunginsleben.de\/index.php?rest_route=%2Fwp%2Fv2%2Fmedia&parent=2313"}],"curies":[{"name":"wp","href":"https:\/\/api.w.org\/{rel}","templated":true}]}}