{"id":2343,"date":"2023-02-03T13:38:41","date_gmt":"2023-02-03T12:38:41","guid":{"rendered":"https:\/\/www.sprunginsleben.de\/?page_id=2343"},"modified":"2023-02-03T13:38:41","modified_gmt":"2023-02-03T12:38:41","slug":"donaciones","status":"publish","type":"page","link":"https:\/\/www.sprunginsleben.de\/?page_id=2343&lang=es","title":{"rendered":"Donaciones"},"content":{"rendered":"\n<p>Apreciamos cada donaci\u00f3n y con gusto le entregaremos un recibo de donaci\u00f3n.&nbsp;<\/p>\n\n\n\n<h3>Desde Alemania puede utilizar los siguientes datos de la cuenta:&nbsp;<\/h3>\n\n\n\n<p>Sparkasse Karlsruhe Ettlingen&nbsp;<\/p>\n\n\n\n<p>Titular de la cuenta: Sprung ins Leben \u2013 Salto hacia la vida e.V.&nbsp;<\/p>\n\n\n\n<p>BIC: KARSDE66XXX<br>IBAN: DE29 6605 0101 0001 3695 78<\/p>\n\n\n\n<p>Desde Ecuador, utilice el siguiente n\u00famero de cuenta:<\/p>\n\n\n\n<p>Titular de la cuenta: Fundaci\u00f3n Hermano Miguel<br>Cuenta corriente BCO Pichincha 3039031104<br>RUC 1790971538001<\/p>\n\n\n\n<p>Por favor, indique \u201cSprung ins Leben \u2013 Salto hacia la vida e.V.\u201d como prop\u00f3sito de la transferencia bancaria. Si nos deja su direcci\u00f3n, estaremos encantados de entregarle un recibo de donaci\u00f3n.&nbsp;<\/p>\n\n\n\n<p>Tambi\u00e9n puede donar a trav\u00e9s de PayPal:<\/p>\n\n\n<div ><form target='_blank' action='https:\/\/www.paypal.com\/cgi-bin\/webscr' method='post'><input type='hidden' name='cmd' value='_donations' \/><input type='hidden' name='business' value='8X26422WB7ECW' \/><input type='hidden' name='item_name' value='Spende' \/><input type='hidden' name='item_number' value='' \/><input type='hidden' name='currency_code' value='EUR' \/><input type='hidden' name='amount' id='amount_d11eff1c672f5a056468f72b20a815ce' value='' \/><input type='hidden' name='no_note' value='1'><input type='hidden' name='no_shipping' value='1'><input type='hidden' name='notify_url' value='https:\/\/www.sprunginsleben.de\/wp-admin\/admin-post.php?action=add_wpedon_button_ipn'><input type='hidden' name='lc' value='de_DE'><input type='hidden' name='bn' value='WPPlugin_SP'><input type='hidden' name='return' value='' \/><input type='hidden' name='cancel_return' value='' \/><input class='wpedon_paypalbuttonimage' type='image' src='https:\/\/www.paypal.com\/de_DE\/DE\/i\/btn\/btn_donateCC_LG.gif' border='0' name='submit' alt='Make your payments with PayPal. It is free, secure, effective.' style='border: none;'><img alt='' border='0' style='border:none;display:none;' src='https:\/\/www.paypal.com\/de_DE\/i\/scr\/pixel.gif' width='1' height='1'><\/form><\/div>\n","protected":false},"excerpt":{"rendered":"<p>Apreciamos cada donaci\u00f3n y con gusto le entregaremos un recibo de donaci\u00f3n.&nbsp; Desde Alemania puede utilizar los siguientes datos de la cuenta:&nbsp; Sparkasse Karlsruhe Ettlingen&nbsp; Titular de la cuenta: Sprung ins Leben \u2013 Salto hacia la vida e.V.&nbsp; BIC: KARSDE66XXXIBAN: DE29 6605 0101 0001 3695 78 Desde Ecuador, utilice el siguiente n\u00famero de cuenta: Titular [&hellip;]<\/p>\n","protected":false},"author":6,"featured_media":2060,"parent":0,"menu_order":0,"comment_status":"closed","ping_status":"closed","template":"","meta":{"_uag_custom_page_level_css":""},"uagb_featured_image_src":{"full":["https:\/\/www.sprunginsleben.de\/wp-content\/uploads\/2021\/04\/US_20180319_137-prothese-scaled-e1617551511267.jpg",2547,681,false],"thumbnail":["https:\/\/www.sprunginsleben.de\/wp-content\/uploads\/2021\/04\/US_20180319_137-prothese-scaled-e1617551511267-150x150.jpg",150,150,true],"medium":["https:\/\/www.sprunginsleben.de\/wp-content\/uploads\/2021\/04\/US_20180319_137-prothese-scaled-e1617551511267-300x80.jpg",300,80,true],"medium_large":["https:\/\/www.sprunginsleben.de\/wp-content\/uploads\/2021\/04\/US_20180319_137-prothese-scaled-e1617551511267.jpg",2547,681,false],"large":["https:\/\/www.sprunginsleben.de\/wp-content\/uploads\/2021\/04\/US_20180319_137-prothese-scaled-e1617551511267-1024x274.jpg",640,171,true],"1536x1536":["https:\/\/www.sprunginsleben.de\/wp-content\/uploads\/2021\/04\/US_20180319_137-prothese-scaled-e1617551511267-1536x411.jpg",1536,411,true],"2048x2048":["https:\/\/www.sprunginsleben.de\/wp-content\/uploads\/2021\/04\/US_20180319_137-prothese-scaled-e1617551511267-2048x548.jpg",2048,548,true],"charity-fundraiser-homepage-thumb":["https:\/\/www.sprunginsleben.de\/wp-content\/uploads\/2021\/04\/US_20180319_137-prothese-scaled-e1617551511267-240x145.jpg",240,145,true]},"uagb_author_info":{"display_name":"Angus","author_link":"https:\/\/www.sprunginsleben.de\/?author=6"},"uagb_comment_info":0,"uagb_excerpt":"Apreciamos cada donaci\u00f3n y con gusto le entregaremos un recibo de donaci\u00f3n.&nbsp; Desde Alemania puede utilizar los siguientes datos de la cuenta:&nbsp; Sparkasse Karlsruhe Ettlingen&nbsp; Titular de la cuenta: Sprung ins Leben \u2013 Salto hacia la vida e.V.&nbsp; BIC: KARSDE66XXXIBAN: DE29 6605 0101 0001 3695 78 Desde Ecuador, utilice el siguiente n\u00famero de cuenta: Titular&hellip;","_links":{"self":[{"href":"https:\/\/www.sprunginsleben.de\/index.php?rest_route=\/wp\/v2\/pages\/2343"}],"collection":[{"href":"https:\/\/www.sprunginsleben.de\/index.php?rest_route=\/wp\/v2\/pages"}],"about":[{"href":"https:\/\/www.sprunginsleben.de\/index.php?rest_route=\/wp\/v2\/types\/page"}],"author":[{"embeddable":true,"href":"https:\/\/www.sprunginsleben.de\/index.php?rest_route=\/wp\/v2\/users\/6"}],"replies":[{"embeddable":true,"href":"https:\/\/www.sprunginsleben.de\/index.php?rest_route=%2Fwp%2Fv2%2Fcomments&post=2343"}],"version-history":[{"count":0,"href":"https:\/\/www.sprunginsleben.de\/index.php?rest_route=\/wp\/v2\/pages\/2343\/revisions"}],"wp:featuredmedia":[{"embeddable":true,"href":"https:\/\/www.sprunginsleben.de\/index.php?rest_route=\/wp\/v2\/media\/2060"}],"wp:attachment":[{"href":"https:\/\/www.sprunginsleben.de\/index.php?rest_route=%2Fwp%2Fv2%2Fmedia&parent=2343"}],"curies":[{"name":"wp","href":"https:\/\/api.w.org\/{rel}","templated":true}]}}