{"id":2352,"date":"2023-02-05T15:01:53","date_gmt":"2023-02-05T14:01:53","guid":{"rendered":"https:\/\/www.sprunginsleben.de\/?page_id=2352"},"modified":"2023-02-05T15:01:54","modified_gmt":"2023-02-05T14:01:54","slug":"sophia-fisher-secretaria","status":"publish","type":"page","link":"https:\/\/www.sprunginsleben.de\/?page_id=2352&lang=es","title":{"rendered":"Sophia Fisher, Secretaria"},"content":{"rendered":"\n<p><strong>&#8220;Es maravilloso ver cu\u00e1ntas personas participan en la vida de nuestros beneficiarios y les apoyan con sus donaciones. Me gustar\u00eda aprovechar esta oportunidad para darles las gracias.\u201d<\/strong><\/p>\n\n\n\n<p>Como secretaria, Sophia se encarga de emitir los recibos de las donaciones. Sophia, que trabaja en Asuntos P\u00fablicos y Sostenibilidad en Deutsche Kreditbank AG (DKB), es miembro de Sprung ins Leben &#8211; Salto hacia la vida e.V. desde hace mucho tiempo. Est\u00e1 muy contenta de haber sido elegida para la junta directiva el a\u00f1o pasado y de poder contribuir activamente al trabajo de la asociaci\u00f3n a partir de ahora.<\/p>\n","protected":false},"excerpt":{"rendered":"<p>&#8220;Es maravilloso ver cu\u00e1ntas personas participan en la vida de nuestros beneficiarios y les apoyan con sus donaciones. Me gustar\u00eda aprovechar esta oportunidad para darles las gracias.\u201d Como secretaria, Sophia se encarga de emitir los recibos de las donaciones. Sophia, que trabaja en Asuntos P\u00fablicos y Sostenibilidad en Deutsche Kreditbank AG (DKB), es miembro de [&hellip;]<\/p>\n","protected":false},"author":6,"featured_media":2226,"parent":0,"menu_order":0,"comment_status":"closed","ping_status":"closed","template":"","meta":{"_uag_custom_page_level_css":""},"uagb_featured_image_src":{"full":["https:\/\/www.sprunginsleben.de\/wp-content\/uploads\/2022\/03\/IMG_8607-scaled-e1646599356823.jpg",1910,488,false],"thumbnail":["https:\/\/www.sprunginsleben.de\/wp-content\/uploads\/2022\/03\/IMG_8607-scaled-e1646599356823-150x150.jpg",150,150,true],"medium":["https:\/\/www.sprunginsleben.de\/wp-content\/uploads\/2022\/03\/IMG_8607-scaled-e1646599356823-300x77.jpg",300,77,true],"medium_large":["https:\/\/www.sprunginsleben.de\/wp-content\/uploads\/2022\/03\/IMG_8607-scaled-e1646599356823.jpg",1910,488,false],"large":["https:\/\/www.sprunginsleben.de\/wp-content\/uploads\/2022\/03\/IMG_8607-scaled-e1646599356823-1024x262.jpg",640,164,true],"1536x1536":["https:\/\/www.sprunginsleben.de\/wp-content\/uploads\/2022\/03\/IMG_8607-scaled-e1646599356823-1536x392.jpg",1536,392,true],"2048x2048":["https:\/\/www.sprunginsleben.de\/wp-content\/uploads\/2022\/03\/IMG_8607-1536x2048.jpg",1536,2048,true],"charity-fundraiser-homepage-thumb":["https:\/\/www.sprunginsleben.de\/wp-content\/uploads\/2022\/03\/IMG_8607-scaled-e1646599356823-240x145.jpg",240,145,true]},"uagb_author_info":{"display_name":"Angus","author_link":"https:\/\/www.sprunginsleben.de\/?author=6"},"uagb_comment_info":0,"uagb_excerpt":"&#8220;Es maravilloso ver cu\u00e1ntas personas participan en la vida de nuestros beneficiarios y les apoyan con sus donaciones. Me gustar\u00eda aprovechar esta oportunidad para darles las gracias.\u201d Como secretaria, Sophia se encarga de emitir los recibos de las donaciones. Sophia, que trabaja en Asuntos P\u00fablicos y Sostenibilidad en Deutsche Kreditbank AG (DKB), es miembro de&hellip;","_links":{"self":[{"href":"https:\/\/www.sprunginsleben.de\/index.php?rest_route=\/wp\/v2\/pages\/2352"}],"collection":[{"href":"https:\/\/www.sprunginsleben.de\/index.php?rest_route=\/wp\/v2\/pages"}],"about":[{"href":"https:\/\/www.sprunginsleben.de\/index.php?rest_route=\/wp\/v2\/types\/page"}],"author":[{"embeddable":true,"href":"https:\/\/www.sprunginsleben.de\/index.php?rest_route=\/wp\/v2\/users\/6"}],"replies":[{"embeddable":true,"href":"https:\/\/www.sprunginsleben.de\/index.php?rest_route=%2Fwp%2Fv2%2Fcomments&post=2352"}],"version-history":[{"count":0,"href":"https:\/\/www.sprunginsleben.de\/index.php?rest_route=\/wp\/v2\/pages\/2352\/revisions"}],"wp:featuredmedia":[{"embeddable":true,"href":"https:\/\/www.sprunginsleben.de\/index.php?rest_route=\/wp\/v2\/media\/2226"}],"wp:attachment":[{"href":"https:\/\/www.sprunginsleben.de\/index.php?rest_route=%2Fwp%2Fv2%2Fmedia&parent=2352"}],"curies":[{"name":"wp","href":"https:\/\/api.w.org\/{rel}","templated":true}]}}