{"id":7,"date":"2012-08-14T13:57:43","date_gmt":"2012-08-14T13:57:43","guid":{"rendered":"http:\/\/[xa_acc%20style=xa-red%20][xa_slide%20title=Das%20Ziel%20unseres%20Vereins%20\u2013%20was%20wir%20tun\u2026]Durch%20Spendenaktionen%20und%20Teilpatenschaften%20finanzieren%20wir%20Prothesen,"},"modified":"2022-04-10T17:43:39","modified_gmt":"2022-04-10T15:43:39","slug":"ueber-uns","status":"publish","type":"page","link":"https:\/\/www.sprunginsleben.de\/?page_id=7&lang=de","title":{"rendered":"Ein Verein f\u00fcr k\u00f6rperlich beeintr\u00e4chtigte Kinder in Ecuador"},"content":{"rendered":"<h3>Was wir tun<\/h3>\n<p><span style=\"font-size: inherit;\">Sprung ins Leben \u2013 Salto hacia la vida e.V. z\u00e4hlt mittlerweile \u00fcber 100 Mitglieder aus ganz Deutschland und der Schweiz. Durch Spendenaktionen<\/span><span style=\"font-size: inherit;\">, Teilpatenschaften und individuelle Spenden finanziert\u00a0Sprung ins Leben \u2013 Salto hacia la vida\u00a0e.V. Prothesen, Orthesen, rehabilitative Ma\u00dfnahmen und Operationen f\u00fcr Kinder\u00a0in Ecuador.<\/span><\/p>\n<p>Unsere aktuell etwa 50 Sch\u00fctzlinge haben durch Unf\u00e4lle Arme oder Beine verloren oder waren von Geburt an auf Hilfsmittel angewiesen. Da die Prothesen- und Orthesenversorgung in Ecuador sehr teuer ist und die staatliche Krankenversicherung lediglich die Basisversorgung abdeckt , \u00fcbernimmt Sprung ins Leben &#8211; Salto hacia la vida e.V. \u00a0den Gro\u00dfteil der Finanzierung. Die Familien tragen abh\u00e4ngig von ihren finanziellen M\u00f6glichkeiten einen Teil zur Erstversorgung und den Anpassungen der Prothesen und Orthesen bei.<\/p>\n<p>F\u00fcr jeden unserer Sch\u00fctzlinge finanzieren wir gemeinsam mit der Prothese zehn Rehabilitationssitzungen sowie zehn psychologische Gespr\u00e4chstermine. Dieses Begleitprogramm stellt sicher, dass die Kinder die Prothese korrekt anwenden k\u00f6nnen. Gleichzeitig wird die belastende Erfahrung durch den Verlust von Arm oder Bein aufgearbeitet, sodass die Kinder selbstbewusst und zuversichtlich in die Zukunft starten k\u00f6nnen. Um diese kontinuierlich anfallenden Kosten zu decken, haben wir ein Sonderverm\u00f6gen angelegt.<\/p>\n<p>Einen guten Eindruck \u00fcber die Arbeit unseres Vereins und drei unserer Sch\u00fctzlinge k\u00f6nnen Sie in unserem <a href=\"https:\/\/www.youtube.com\/watch?v=P5qehleqIcQ\">Kurzfilm<\/a> gewinnen. Hier lernen Sie unter anderem unseren ersten Sch\u00fctzling, Steven Carrasco, kennen. Steven kann heute dank seiner Arm- und Beinprothese wieder aktiv am Leben teilhaben.\u00a0<\/p>\n<h3>Unser Kooperationspartner in Ecuador: Die Stiftung Hermano Miguel<\/h3>\n<div>\n<p><img decoding=\"async\" loading=\"lazy\" class=\"alignnone size-medium wp-image-2249\" src=\"https:\/\/www.sprunginsleben.de\/wp-content\/uploads\/2022\/03\/Stiftung-Hermano-Miguel-e1646647873717-300x78.png\" alt=\"\" width=\"300\" height=\"78\" srcset=\"https:\/\/www.sprunginsleben.de\/wp-content\/uploads\/2022\/03\/Stiftung-Hermano-Miguel-e1646647873717-300x78.png 300w, https:\/\/www.sprunginsleben.de\/wp-content\/uploads\/2022\/03\/Stiftung-Hermano-Miguel-e1646647873717.png 600w\" sizes=\"(max-width: 300px) 100vw, 300px\" \/><\/p>\n<p><span lang=\"DE\">Um die Versorgung und Betreuung vor Ort zu gew\u00e4hrleisten, arbeitet Sprung ins Leben &#8211; Salto hacia la vida e.V. eng mit der Stiftung Hermano Miguel in Ecuadors Hauptstadt Quito zusammen.<\/span><\/p>\n<p><span style=\"font-size: inherit;\">Die Stiftung Hermano Miguel ist eines von zwei spezialisierten Prothesenlaboren in Ecuador. Seit 1984 hat sich die Stiftung der Versorgung von Patienten mit Prothesen und Orthesen verschrieben. Sie verf\u00fcgt \u00fcber eine Werkstatt mit ausgebildeten Orthop\u00e4dietechnikern. F\u00fcr rehabilitative Ma\u00dfnahmen stehen verschiedene Ger\u00e4te in den R\u00e4umlichkeiten zur Verf\u00fcgung. Neben der Herstellung und Anpassung der Prothesen bietet die Stiftung Hermano Miguel durch ausgebildete Psycholog*innen und Physiotherapeut*innen weitere Unterst\u00fctzung f\u00fcr die Patient*innen an. Die Stiftung ist sehr zuverl\u00e4ssig und wurde in einem Benchmarking f\u00fcr Nichtregierungsorganisationen <\/span><a style=\"font-size: inherit;\" href=\"https:\/\/www.sprunginsleben.de\/wp-content\/uploads\/2012\/08\/images_downloads_certificate_hm.pdf\">ausgezeichnet<\/a><span style=\"font-size: inherit;\">.<\/span><\/p>\n<div id=\"attachment_2265\" style=\"width: 240px\" class=\"wp-caption alignleft\"><img aria-describedby=\"caption-attachment-2265\" decoding=\"async\" loading=\"lazy\" class=\"wp-image-2265 size-medium\" src=\"https:\/\/www.sprunginsleben.de\/wp-content\/uploads\/2022\/04\/US_20180316_034-e1649605225573-230x300.jpg\" alt=\"\" width=\"230\" height=\"300\" srcset=\"https:\/\/www.sprunginsleben.de\/wp-content\/uploads\/2022\/04\/US_20180316_034-e1649605225573-230x300.jpg 230w, https:\/\/www.sprunginsleben.de\/wp-content\/uploads\/2022\/04\/US_20180316_034-e1649605225573.jpg 427w\" sizes=\"(max-width: 230px) 100vw, 230px\" \/><p id=\"caption-attachment-2265\" class=\"wp-caption-text\">Mar\u00eda Eugenia Su\u00e1rez @Ulrike Schacht<\/p><\/div>\n<\/div>\n<div>\n<p>Mar\u00eda Eugenia Su\u00e1rez, Stiftungsdirektorin: &#8220;Ich w\u00fcnsche mir, dass auch sp\u00e4tere Generationen dieses Programm weiterf\u00fchren, um das h\u00f6chste Ma\u00df an menschlicher Solidarit\u00e4t zu erreichen. Wir haben der Welt gezeigt, dass Solidarit\u00e4t keine nationalen Grenzen kennt.&#8221;<\/p>\n<\/div>\n\n\n<p><\/p>\n","protected":false},"excerpt":{"rendered":"<p>Was wir tun Sprung ins Leben \u2013 Salto hacia la vida e.V. z\u00e4hlt mittlerweile \u00fcber 100 Mitglieder aus ganz Deutschland und der Schweiz. Durch Spendenaktionen, Teilpatenschaften und individuelle Spenden finanziert\u00a0Sprung ins Leben \u2013 Salto hacia la vida\u00a0e.V. Prothesen, Orthesen, rehabilitative Ma\u00dfnahmen und Operationen f\u00fcr Kinder\u00a0in Ecuador. Unsere aktuell etwa 50 Sch\u00fctzlinge haben durch Unf\u00e4lle Arme [&hellip;]<\/p>\n","protected":false},"author":7,"featured_media":1551,"parent":0,"menu_order":8,"comment_status":"closed","ping_status":"closed","template":"","meta":{"_uag_custom_page_level_css":""},"uagb_featured_image_src":{"full":["https:\/\/www.sprunginsleben.de\/wp-content\/uploads\/2018\/04\/US_20180319_255-1-e1617477640779.jpg",1024,400,false],"thumbnail":["https:\/\/www.sprunginsleben.de\/wp-content\/uploads\/2018\/04\/US_20180319_255-1-e1617477624863-150x150.jpg",150,150,true],"medium":["https:\/\/www.sprunginsleben.de\/wp-content\/uploads\/2018\/04\/US_20180319_255-1-e1617477624863-300x117.jpg",300,117,true],"medium_large":["https:\/\/www.sprunginsleben.de\/wp-content\/uploads\/2018\/04\/US_20180319_255-1-e1617477640779.jpg",1024,400,false],"large":["https:\/\/www.sprunginsleben.de\/wp-content\/uploads\/2018\/04\/US_20180319_255-1-e1617477624863-1024x400.jpg",640,250,true],"1536x1536":["https:\/\/www.sprunginsleben.de\/wp-content\/uploads\/2018\/04\/US_20180319_255-1-e1617477624863-1536x600.jpg",1536,600,true],"2048x2048":["https:\/\/www.sprunginsleben.de\/wp-content\/uploads\/2018\/04\/US_20180319_255-1-e1617477624863-2048x800.jpg",2048,800,true],"charity-fundraiser-homepage-thumb":["https:\/\/www.sprunginsleben.de\/wp-content\/uploads\/2018\/04\/US_20180319_255-1-e1617477624863-240x145.jpg",240,145,true]},"uagb_author_info":{"display_name":"Sophia Fisher","author_link":"https:\/\/www.sprunginsleben.de\/?author=7"},"uagb_comment_info":0,"uagb_excerpt":"Was wir tun Sprung ins Leben \u2013 Salto hacia la vida e.V. z\u00e4hlt mittlerweile \u00fcber 100 Mitglieder aus ganz Deutschland und der Schweiz. Durch Spendenaktionen, Teilpatenschaften und individuelle Spenden finanziert\u00a0Sprung ins Leben \u2013 Salto hacia la vida\u00a0e.V. Prothesen, Orthesen, rehabilitative Ma\u00dfnahmen und Operationen f\u00fcr Kinder\u00a0in Ecuador. Unsere aktuell etwa 50 Sch\u00fctzlinge haben durch Unf\u00e4lle Arme&hellip;","_links":{"self":[{"href":"https:\/\/www.sprunginsleben.de\/index.php?rest_route=\/wp\/v2\/pages\/7"}],"collection":[{"href":"https:\/\/www.sprunginsleben.de\/index.php?rest_route=\/wp\/v2\/pages"}],"about":[{"href":"https:\/\/www.sprunginsleben.de\/index.php?rest_route=\/wp\/v2\/types\/page"}],"author":[{"embeddable":true,"href":"https:\/\/www.sprunginsleben.de\/index.php?rest_route=\/wp\/v2\/users\/7"}],"replies":[{"embeddable":true,"href":"https:\/\/www.sprunginsleben.de\/index.php?rest_route=%2Fwp%2Fv2%2Fcomments&post=7"}],"version-history":[{"count":0,"href":"https:\/\/www.sprunginsleben.de\/index.php?rest_route=\/wp\/v2\/pages\/7\/revisions"}],"wp:featuredmedia":[{"embeddable":true,"href":"https:\/\/www.sprunginsleben.de\/index.php?rest_route=\/wp\/v2\/media\/1551"}],"wp:attachment":[{"href":"https:\/\/www.sprunginsleben.de\/index.php?rest_route=%2Fwp%2Fv2%2Fmedia&parent=7"}],"curies":[{"name":"wp","href":"https:\/\/api.w.org\/{rel}","templated":true}]}}